{"id":3529,"date":"2026-04-23T11:47:54","date_gmt":"2026-04-23T14:47:54","guid":{"rendered":"https:\/\/midi.ar\/?page_id=3529"},"modified":"2026-04-23T11:53:40","modified_gmt":"2026-04-23T14:53:40","slug":"masterclass_gaston_ybalo","status":"publish","type":"page","link":"https:\/\/midi.ar\/index.php\/masterclass_gaston_ybalo\/","title":{"rendered":"masterclass gast\u00f3n ybalo"},"content":{"rendered":"<p>[et_pb_section fb_built=\u00bb1&#8243; specialty=\u00bbon\u00bb use_background_color_gradient_1=\u00bboff\u00bb use_background_color_gradient_2=\u00bboff\u00bb _builder_version=\u00bb4.21.0&#8243; _module_preset=\u00bbdefault\u00bb background_color=\u00bb#3F4376&#8243; background_image=\u00bbhttps:\/\/midi.ar\/wp-content\/uploads\/2026\/04\/Gemini_Generated_Image_r5sojor5sojor5so.png\u00bb background_blend=\u00bbsoft-light\u00bb transform_translate_linked=\u00bboff\u00bb positioning=\u00bbnone\u00bb position_origin_f=\u00bbbottom_left\u00bb z_index=\u00bb0&#8243; overflow-y=\u00bbvisible\u00bb custom_padding=\u00bb||163px|||\u00bb filter_contrast=\u00bb92%\u00bb hover_transition_speed_curve=\u00bbease-in-out\u00bb sticky_position=\u00bbtop\u00bb sticky_offset_surrounding=\u00bboff\u00bb sticky_transition=\u00bboff\u00bb locked=\u00bboff\u00bb global_colors_info=\u00bb{}\u00bb background__hover_enabled=\u00bbon|desktop\u00bb][et_pb_column type=\u00bb1_2&#8243; specialty_columns=\u00bb2&#8243; _builder_version=\u00bb4.16&#8243; custom_padding=\u00bb|||\u00bb global_colors_info=\u00bb{}\u00bb custom_padding__hover=\u00bb|||\u00bb][et_pb_row_inner column_structure=\u00bb1_2,1_2&#8243; _builder_version=\u00bb4.21.0&#8243; _module_preset=\u00bbdefault\u00bb transform_scale=\u00bb68%|68%\u00bb transform_translate=\u00bb38px|53px\u00bb transform_translate_linked=\u00bboff\u00bb custom_margin=\u00bb|27px||||\u00bb global_colors_info=\u00bb{}\u00bb][et_pb_column_inner type=\u00bb1_2&#8243; _builder_version=\u00bb4.21.0&#8243; _module_preset=\u00bbdefault\u00bb global_colors_info=\u00bb{}\u00bb][et_pb_text _builder_version=\u00bb4.21.0&#8243; _module_preset=\u00bbdefault\u00bb text_font=\u00bbLOTA GROTESQUE BOLD|500|||||||\u00bb text_text_color=\u00bbgcid-1ceede91-71be-464b-930c-ee204c722893&#8243; text_font_size=\u00bb22px\u00bb header_font=\u00bbLOTA GROTESQUE BOLD|800|||||||\u00bb header_font_size=\u00bb28px\u00bb header_line_height=\u00bb1.1em\u00bb transform_scale=\u00bb180%|180%\u00bb transform_translate=\u00bb33px|19px\u00bb transform_translate_linked=\u00bboff\u00bb background_layout=\u00bbdark\u00bb header_text_shadow_style=\u00bbpreset1&#8243; header_text_shadow_horizontal_length=\u00bb-0.24em\u00bb global_colors_info=\u00bb{%22gcid-1ceede91-71be-464b-930c-ee204c722893%22:%91%22text_text_color%22%93}\u00bb]<\/p>\n<h1><strong>El Prop\u00f3sito de<\/strong><br \/><strong>una Marca Exitosa<\/strong><\/h1>\n<p>[\/et_pb_text][\/et_pb_column_inner][et_pb_column_inner type=\u00bb1_2&#8243; saved_specialty_column_type=\u00bb1_2&#8243; _builder_version=\u00bb4.21.0&#8243; _module_preset=\u00bbdefault\u00bb global_colors_info=\u00bb{}\u00bb][et_pb_text _builder_version=\u00bb4.21.0&#8243; _module_preset=\u00bbdefault\u00bb text_font=\u00bbLOTA GROTESQUE BOLD||||||||\u00bb text_font_size=\u00bb46px\u00bb text_line_height=\u00bb1.1em\u00bb transform_translate=\u00bb0px|15px\u00bb transform_translate_linked=\u00bboff\u00bb width=\u00bb125.8%\u00bb custom_margin=\u00bb9px|317px|||false|false\u00bb custom_margin_tablet=\u00bb10px||||false|false\u00bb custom_margin_phone=\u00bb11px||||false|false\u00bb custom_margin_last_edited=\u00bbon|desktop\u00bb custom_padding=\u00bb|30px||||\u00bb text_font_size_tablet=\u00bb28px\u00bb text_font_size_phone=\u00bb26px\u00bb text_font_size_last_edited=\u00bbon|phone\u00bb text_text_shadow_style=\u00bbpreset3&#8243; global_colors_info=\u00bb{}\u00bb]<\/p>\n<div class=\"et-fb-mousetrap et-fb-mousetrap--column\" style=\"top: -9.4062px; bottom: 0px;\"><\/div>\n<div class=\"et-fb-mousetrap et-fb-mousetrap--column\" style=\"top: -9.4062px; bottom: 0px;\"><\/div>\n<div class=\"et_fb_editing_enabled et_fb_element_controls_visible et-module-99b8afc5-4eec-4f14-af58-407fd0153295 et_pb_text et_pb_module ui-sortable et_pb_text_0 et-animated--vb et_pb_text_align_left et_pb_bg_layout_light et-fb-module--short et-fb-module--first-order et-pb-with-global-presets et-first-child et-last-child\" data-address=\"1.0.0.0.0\" dynamic=\"[object Object]\" matching=\"[object Object]\" parent_slug=\"et_pb_column_inner\" theme_builder_suffix=\"\" wp_editor_suffix=\"\" wrapper_settings=\"[object Object]\" _key=\"99b8afc5-4eec-4f14-af58-407fd0153295\" style=\"transition: none 0s ease 0s;\">\n<div class=\"et_pb_text_inner\">\n<div data-shortcode-id=\"1.0.0.0.0-1719065236417\" data-quickaccess-editable=\"yes\" class=\"et-fb-popover-tinymce\">\n<div class=\"mce-content-body\" contenteditable=\"true\" style=\"position: relative;\" data-lt-tmp-id=\"lt-778889\" spellcheck=\"false\" data-gramm=\"false\">\n<p style=\"text-align: left;\">\n<p><span style=\"color: #ffffff;\"><b><\/b><\/span><\/p>\n<\/div>\n<\/div>\n<\/div>\n<\/div>\n<p>[\/et_pb_text][\/et_pb_column_inner][\/et_pb_row_inner][\/et_pb_column][et_pb_column type=\u00bb1_2&#8243; _builder_version=\u00bb4.16&#8243; custom_padding=\u00bb|||\u00bb global_colors_info=\u00bb{}\u00bb custom_padding__hover=\u00bb|||\u00bb][et_pb_button button_url=\u00bbhttps:\/\/docs.google.com\/forms\/d\/e\/1FAIpQLSfw8Exiky3xIntoGsmZX4Vzk6MzT1l1Vw3UWuKfQFhH9b1MEA\/viewform\u00bb url_new_window=\u00bbon\u00bb button_text=\u00bbInscribite ac\u00e1\u00bb button_alignment=\u00bbright\u00bb button_alignment_tablet=\u00bbleft\u00bb button_alignment_phone=\u00bbleft\u00bb button_alignment_last_edited=\u00bbon|desktop\u00bb _builder_version=\u00bb4.21.0&#8243; _module_preset=\u00bbdefault\u00bb custom_button=\u00bbon\u00bb button_text_size=\u00bb24px\u00bb button_text_color=\u00bb#ffffff\u00bb button_bg_color=\u00bb#ED7A00&#8243; button_border_width=\u00bb7px\u00bb button_border_color=\u00bb#ED7A00&#8243; button_border_radius=\u00bb100px\u00bb button_font=\u00bbLOTA GROTESQUE REGULAR||||||||\u00bb button_use_icon=\u00bboff\u00bb button_rel=\u00bboff|off|off|off|off\u00bb transform_translate=\u00bb100px|59px\u00bb transform_translate_linked=\u00bboff\u00bb background_layout=\u00bbdark\u00bb custom_margin=\u00bb24px||||false|false\u00bb custom_margin_tablet=\u00bb-36px||19px||false|false\u00bb custom_margin_phone=\u00bb-36px||||false|false\u00bb custom_margin_last_edited=\u00bbon|phone\u00bb animation_style=\u00bbbounce\u00bb hover_enabled=\u00bb0&#8243; button_text_size_tablet=\u00bb16px\u00bb button_text_size_phone=\u00bb13px\u00bb button_text_size_last_edited=\u00bbon|tablet\u00bb locked=\u00bboff\u00bb global_colors_info=\u00bb{}\u00bb custom_margin__hover_enabled=\u00bboff|hover\u00bb sticky_enabled=\u00bb0&#8243;][\/et_pb_button][\/et_pb_column][\/et_pb_section][et_pb_section fb_built=\u00bb1&#8243; admin_label=\u00bbInfo sobre el curso\u00bb _builder_version=\u00bb4.21.0&#8243; _module_preset=\u00bbdefault\u00bb custom_margin=\u00bb||-2px|||\u00bb custom_padding=\u00bb||8px|||\u00bb locked=\u00bboff\u00bb collapsed=\u00bbon\u00bb global_colors_info=\u00bb{}\u00bb][et_pb_row column_structure=\u00bb1_2,1_2&#8243; _builder_version=\u00bb4.21.0&#8243; _module_preset=\u00bbdefault\u00bb custom_padding=\u00bb105px||2px|||\u00bb global_colors_info=\u00bb{}\u00bb][et_pb_column type=\u00bb1_2&#8243; _builder_version=\u00bb4.21.0&#8243; _module_preset=\u00bbdefault\u00bb background_color=\u00bb#eaebef\u00bb border_radii=\u00bbon|30px|30px|30px|30px\u00bb global_colors_info=\u00bb{}\u00bb][et_pb_blurb title=\u00bbMarca con Prop\u00f3sito\u00bb title_last_edited=\u00bboff|desktop\u00bb _builder_version=\u00bb4.21.0&#8243; _module_preset=\u00bbdefault\u00bb header_line_height=\u00bb1.1em\u00bb custom_margin=\u00bb36px||36px||true|false\u00bb custom_margin_last_edited=\u00bboff|desktop\u00bb global_colors_info=\u00bb{}\u00bb]<\/p>\n<p><span style=\"font-weight: 400;\">Dise\u00f1ado para emprendedores que buscan definir la identidad y visi\u00f3n estrat\u00e9gica de su marca. En este workshop, aprender\u00e1s a alinear lo que tu marca desea expresar con lo que el mundo ve, utilizando las redes sociales como motor de crecimiento. Descubrir\u00e1s c\u00f3mo transformar cualquier producto en una tendencia relevante, logrando posicionarlo m\u00e1s all\u00e1 de las modas temporales<\/span><\/p>\n<p>[\/et_pb_blurb][\/et_pb_column][et_pb_column type=\u00bb1_2&#8243; _builder_version=\u00bb4.21.0&#8243; _module_preset=\u00bbdefault\u00bb global_colors_info=\u00bb{}\u00bb][et_pb_image src=\u00bbhttps:\/\/midi.ar\/wp-content\/uploads\/2026\/04\/3e992414-6948-4f38-8a2d-32feb79502c9.jpg\u00bb title_text=\u00bb3e992414-6948-4f38-8a2d-32feb79502c9&#8243; _builder_version=\u00bb4.21.0&#8243; _module_preset=\u00bbdefault\u00bb transform_translate=\u00bb0px|9px\u00bb transform_translate_linked=\u00bboff\u00bb border_radii=\u00bbon|22px|22px|22px|22px\u00bb global_colors_info=\u00bb{}\u00bb][\/et_pb_image][\/et_pb_column][\/et_pb_row][\/et_pb_section][et_pb_section fb_built=\u00bb1&#8243; disabled_on=\u00bboff|off|off\u00bb _builder_version=\u00bb4.21.0&#8243; _module_preset=\u00bbdefault\u00bb min_height=\u00bb316.2px\u00bb custom_padding=\u00bb21px||21px||true|\u00bb locked=\u00bboff\u00bb global_colors_info=\u00bb{}\u00bb][et_pb_row column_structure=\u00bb1_3,1_3,1_3&#8243; make_equal=\u00bbon\u00bb disabled_on=\u00bboff|off|off\u00bb _builder_version=\u00bb4.21.0&#8243; _module_preset=\u00bbdefault\u00bb custom_margin_tablet=\u00bb||||false|false\u00bb custom_margin_phone=\u00bb-5px|auto||auto|false|false\u00bb custom_margin_last_edited=\u00bbon|tablet\u00bb custom_padding=\u00bb0px||0px||true|\u00bb animation_style=\u00bbfade\u00bb overflow-y_last_edited=\u00bboff|desktop\u00bb global_colors_info=\u00bb{}\u00bb][et_pb_column type=\u00bb1_3&#8243; _builder_version=\u00bb4.21.0&#8243; _module_preset=\u00bbdefault\u00bb global_colors_info=\u00bb{}\u00bb][et_pb_blurb use_icon=\u00bbon\u00bb font_icon=\u00bb&#xe023;||divi||400&#8243; image_icon_width=\u00bb69px\u00bb _builder_version=\u00bb4.21.0&#8243; _module_preset=\u00bbdefault\u00bb header_text_align=\u00bbcenter\u00bb header_font_size=\u00bb24px\u00bb body_font=\u00bbLOTA GROTESQUE BOLD||||||||\u00bb body_text_align=\u00bbcenter\u00bb body_font_size=\u00bb24px\u00bb body_line_height=\u00bb1.1em\u00bb background_color=\u00bb#eaebef\u00bb min_height=\u00bb147.2px\u00bb custom_margin=\u00bb||||false|false\u00bb custom_padding=\u00bb40px||40px||true|\u00bb animation=\u00bbbottom\u00bb body_font_size_tablet=\u00bb\u00bb body_font_size_phone=\u00bb20px\u00bb body_font_size_last_edited=\u00bbon|phone\u00bb border_radii=\u00bbon|30px|30px|30px|30px\u00bb global_colors_info=\u00bb{}\u00bb]<\/p>\n<p>30 de Abril<\/p>\n<p>[\/et_pb_blurb][\/et_pb_column][et_pb_column type=\u00bb1_3&#8243; _builder_version=\u00bb4.21.0&#8243; _module_preset=\u00bbdefault\u00bb global_colors_info=\u00bb{}\u00bb][et_pb_blurb title=\u00bb14:00 hs\u00bb use_icon=\u00bbon\u00bb font_icon=\u00bb&#xf017;||fa||400&#8243; image_icon_width=\u00bb69px\u00bb _builder_version=\u00bb4.21.0&#8243; _module_preset=\u00bbdefault\u00bb header_text_align=\u00bbcenter\u00bb header_font_size=\u00bb24px\u00bb background_color=\u00bb#eaebef\u00bb min_height=\u00bb147.2px\u00bb custom_margin=\u00bb||28px||false|false\u00bb custom_padding=\u00bb40px||40px||true|\u00bb animation=\u00bbbottom\u00bb border_radii=\u00bbon|30px|30px|30px|30px\u00bb global_colors_info=\u00bb{}\u00bb][\/et_pb_blurb][\/et_pb_column][et_pb_column type=\u00bb1_3&#8243; _builder_version=\u00bb4.21.0&#8243; _module_preset=\u00bbdefault\u00bb global_colors_info=\u00bb{}\u00bb][et_pb_blurb title=\u00bbModalidad presencial en la Nave Midi Producci\u00f3n\u00bb use_icon=\u00bbon\u00bb font_icon=\u00bb&#xe08a;||divi||400&#8243; image_icon_width=\u00bb69px\u00bb _builder_version=\u00bb4.21.0&#8243; _module_preset=\u00bbdefault\u00bb header_text_align=\u00bbcenter\u00bb header_font_size=\u00bb24px\u00bb header_line_height=\u00bb1.1em\u00bb background_color=\u00bb#eaebef\u00bb min_height=\u00bb147.2px\u00bb custom_margin=\u00bb||||false|false\u00bb custom_padding=\u00bb23px|9px|23px|9px|true|true\u00bb animation=\u00bbbottom\u00bb border_radii=\u00bbon|30px|30px|30px|30px\u00bb global_colors_info=\u00bb{}\u00bb][\/et_pb_blurb][\/et_pb_column][\/et_pb_row][\/et_pb_section][et_pb_section fb_built=\u00bb1&#8243; admin_label=\u00bba quien va dirigido\u00bb _builder_version=\u00bb4.21.0&#8243; _module_preset=\u00bbdefault\u00bb custom_padding=\u00bb45px||45px||true|\u00bb locked=\u00bboff\u00bb global_colors_info=\u00bb{}\u00bb][et_pb_row _builder_version=\u00bb4.21.0&#8243; _module_preset=\u00bbdefault\u00bb background_color=\u00bbRGBA(255,255,255,0)\u00bb custom_padding=\u00bb0px||0px||true|\u00bb global_colors_info=\u00bb{}\u00bb][et_pb_column type=\u00bb4_4&#8243; _builder_version=\u00bb4.21.0&#8243; _module_preset=\u00bbdefault\u00bb global_colors_info=\u00bb{}\u00bb][et_pb_cta title=\u00bb\u00bfA qui\u00e9n va dirigido?\u00bb _builder_version=\u00bb4.21.0&#8243; _module_preset=\u00bbdefault\u00bb header_font=\u00bbLOTA GROTESQUE BOLD||||||||\u00bb header_text_align=\u00bbleft\u00bb header_text_color=\u00bb#3F4376&#8243; header_font_size=\u00bb37px\u00bb body_font=\u00bbLOTA GROTESQUE REGULAR||||||||\u00bb body_text_color=\u00bb#2B2C50&#8243; body_font_size=\u00bb18px\u00bb body_line_height=\u00bb1.4em\u00bb background_color=\u00bb#eaebef\u00bb custom_padding=\u00bb43px|36px|0px|36px||true\u00bb header_font_size_tablet=\u00bb37px\u00bb header_font_size_phone=\u00bb26px\u00bb header_font_size_last_edited=\u00bbon|phone\u00bb body_font_size_tablet=\u00bb16px\u00bb body_font_size_phone=\u00bb14px\u00bb body_font_size_last_edited=\u00bbon|desktop\u00bb border_radii=\u00bbon|30px|30px|30px|30px\u00bb global_colors_info=\u00bb{}\u00bb]<\/p>\n<p style=\"text-align: left;\">Est\u00e1 dirigido a <b data-path-to-node=\"3\" data-index-in-node=\"16\">emprendedores, dise\u00f1adores y creativos<\/b> que buscan profesionalizar su identidad de marca. Es el espacio ideal para quienes desean transformar su visi\u00f3n en una estrategia s\u00f3lida.<\/p>\n<p>[\/et_pb_cta][\/et_pb_column][\/et_pb_row][\/et_pb_section][et_pb_section fb_built=\u00bb1&#8243; _builder_version=\u00bb4.21.0&#8243; _module_preset=\u00bbdefault\u00bb custom_padding=\u00bb||49px|||\u00bb global_colors_info=\u00bb{}\u00bb][et_pb_row _builder_version=\u00bb4.21.0&#8243; _module_preset=\u00bbdefault\u00bb custom_padding=\u00bb||0px|||\u00bb global_colors_info=\u00bb{}\u00bb][et_pb_column type=\u00bb4_4&#8243; _builder_version=\u00bb4.21.0&#8243; _module_preset=\u00bbdefault\u00bb global_colors_info=\u00bb{}\u00bb][et_pb_cta title=\u00bbGast\u00f3n Ybalo\u00bb button_text=\u00bbClics\u00bb _builder_version=\u00bb4.21.0&#8243; _module_preset=\u00bbdefault\u00bb header_font=\u00bbLOTA GROTESQUE BOLD||||||||\u00bb header_text_align=\u00bbleft\u00bb header_font_size=\u00bb37px\u00bb body_font=\u00bbLOTA GROTESQUE REGULAR||||||||\u00bb body_text_align=\u00bbleft\u00bb body_font_size=\u00bb18px\u00bb body_line_height=\u00bb1.4em\u00bb background_color=\u00bb#585FA6&#8243; custom_padding=\u00bb31px||1px||false|\u00bb header_font_size_tablet=\u00bb37px\u00bb header_font_size_phone=\u00bb26px\u00bb header_font_size_last_edited=\u00bbon|phone\u00bb body_font_size_tablet=\u00bb16px\u00bb body_font_size_phone=\u00bb14px\u00bb body_font_size_last_edited=\u00bbon|desktop\u00bb border_radii=\u00bbon|30px|30px|30px|30px\u00bb global_colors_info=\u00bb{}\u00bb]<\/p>\n<p>Disertante<\/p>\n<p><span style=\"font-weight: 400;\">Gast\u00f3n Ybalo es un influencer y modelo argentino nacido en Corrientes (de la localidad de Tabay) que se hizo conocido en redes sociales como Instagram y TikTok por su estilo aut\u00e9ntico y su fuerte identidad cultural.<\/span><\/p>\n<p><span style=\"font-weight: 400;\">Se destaca por crear contenido de moda, lifestyle, viajes y humor, pero sobre todo por algo que lo diferencia: hablar y ense\u00f1ar guaran\u00ed, idioma que aprendi\u00f3 de sus abuelos y que incorpora en sus videos incluso viviendo en Europa.\u00a0\u00a0<\/span><\/p>\n<p><span style=\"font-weight: 400;\">Actualmente reside en Alemania, donde desarroll\u00f3 su carrera internacional como creador de contenido y modelo, combinando el mundo fashion con sus ra\u00edces litorale\u00f1as.\u00a0 \ufffc<\/span><\/p>\n<p><span style=\"font-weight: 400;\">En resumen: es un influencer joven que mezcla moda global con identidad cultural, destac\u00e1ndose por llevar el guaran\u00ed y la esencia correntina a una audiencia internacional.<\/span><\/p>\n<p>[\/et_pb_cta][\/et_pb_column][\/et_pb_row][\/et_pb_section][et_pb_section fb_built=\u00bb1&#8243; _builder_version=\u00bb4.21.0&#8243; _module_preset=\u00bbdefault\u00bb custom_padding=\u00bb0px|||||\u00bb locked=\u00bboff\u00bb global_colors_info=\u00bb{}\u00bb][et_pb_row _builder_version=\u00bb4.21.0&#8243; _module_preset=\u00bbdefault\u00bb custom_padding=\u00bb16px||1px||false|\u00bb border_radii=\u00bbon|30px|30px|30px|30px\u00bb global_colors_info=\u00bb{}\u00bb][et_pb_column type=\u00bb4_4&#8243; _builder_version=\u00bb4.21.0&#8243; _module_preset=\u00bbdefault\u00bb global_colors_info=\u00bb{}\u00bb][et_pb_slider _builder_version=\u00bb4.21.0&#8243; _module_preset=\u00bbdefault\u00bb body_line_height=\u00bb1.4em\u00bb custom_margin=\u00bb-17px|||||\u00bb animation_style=\u00bbzoom\u00bb global_colors_info=\u00bb{}\u00bb][et_pb_slide heading=\u00bb\u00a1Inscribite ahora!\u00bb button_text=\u00bb\u00a1Asegur\u00e1 tu lugar!\u00bb button_link=\u00bbhttps:\/\/docs.google.com\/forms\/d\/e\/1FAIpQLSfw8Exiky3xIntoGsmZX4Vzk6MzT1l1Vw3UWuKfQFhH9b1MEA\/viewform\u00bb url_new_window=\u00bbon\u00bb _builder_version=\u00bb4.21.0&#8243; _module_preset=\u00bbdefault\u00bb header_font=\u00bb|600|||||||\u00bb header_font_size=\u00bb37px\u00bb background_image=\u00bbhttps:\/\/midi.ar\/wp-content\/uploads\/2024\/03\/1_2.png\u00bb background_enable_image=\u00bbon\u00bb custom_button=\u00bbon\u00bb button_text_color=\u00bb#2B2C50&#8243; button_bg_color=\u00bb#ffffff\u00bb button_border_color=\u00bb#ffffff\u00bb button_border_radius=\u00bb100px\u00bb link_option_url_new_window=\u00bbon\u00bb header_font_size_tablet=\u00bb37px\u00bb header_font_size_phone=\u00bb26px\u00bb header_font_size_last_edited=\u00bbon|phone\u00bb global_colors_info=\u00bb{}\u00bb sticky_transition=\u00bbon\u00bb]<\/p>\n<p data-path-to-node=\"3\">Domin\u00e1 el arte de construir una identidad de marca con impacto. Sumate a este workshop estrat\u00e9gico dise\u00f1ado para emprendedores donde aprender\u00e1s a alinear tu visi\u00f3n creativa con las tendencias del mercado actual. Transform\u00e1 tu propuesta de valor en un referente indiscutido del sector.<\/p>\n<h3 data-path-to-node=\"4\"><strong>\u00a1Llev\u00e1 tu marca personal al siguiente nivel!<\/strong><\/h3>\n<p>[\/et_pb_slide][\/et_pb_slider][\/et_pb_column][\/et_pb_row][\/et_pb_section]<\/p>\n","protected":false},"excerpt":{"rendered":"<p>El Prop\u00f3sito deuna Marca Exitosa Dise\u00f1ado para emprendedores que buscan definir la identidad y visi\u00f3n estrat\u00e9gica de su marca. En este workshop, aprender\u00e1s a alinear lo que tu marca desea expresar con lo que el mundo ve, utilizando las redes sociales como motor de crecimiento. Descubrir\u00e1s c\u00f3mo transformar cualquier producto en una tendencia relevante, logrando [&hellip;]<\/p>\n","protected":false},"author":7,"featured_media":0,"parent":0,"menu_order":0,"comment_status":"closed","ping_status":"closed","template":"","meta":{"_et_pb_use_builder":"on","_et_pb_old_content":"","_et_gb_content_width":"","footnotes":""},"class_list":["post-3529","page","type-page","status-publish","hentry"],"_links":{"self":[{"href":"https:\/\/midi.ar\/index.php\/wp-json\/wp\/v2\/pages\/3529","targetHints":{"allow":["GET"]}}],"collection":[{"href":"https:\/\/midi.ar\/index.php\/wp-json\/wp\/v2\/pages"}],"about":[{"href":"https:\/\/midi.ar\/index.php\/wp-json\/wp\/v2\/types\/page"}],"author":[{"embeddable":true,"href":"https:\/\/midi.ar\/index.php\/wp-json\/wp\/v2\/users\/7"}],"replies":[{"embeddable":true,"href":"https:\/\/midi.ar\/index.php\/wp-json\/wp\/v2\/comments?post=3529"}],"version-history":[{"count":5,"href":"https:\/\/midi.ar\/index.php\/wp-json\/wp\/v2\/pages\/3529\/revisions"}],"predecessor-version":[{"id":3577,"href":"https:\/\/midi.ar\/index.php\/wp-json\/wp\/v2\/pages\/3529\/revisions\/3577"}],"wp:attachment":[{"href":"https:\/\/midi.ar\/index.php\/wp-json\/wp\/v2\/media?parent=3529"}],"curies":[{"name":"wp","href":"https:\/\/api.w.org\/{rel}","templated":true}]}}