{"id":2951,"date":"2025-09-02T08:51:43","date_gmt":"2025-09-02T11:51:43","guid":{"rendered":"https:\/\/midi.ar\/?page_id=2951"},"modified":"2025-09-02T08:51:43","modified_gmt":"2025-09-02T11:51:43","slug":"curso_nivel_intermedio_after_effect","status":"publish","type":"page","link":"https:\/\/midi.ar\/index.php\/curso_nivel_intermedio_after_effect\/","title":{"rendered":"Curso nivel intermedio after effect"},"content":{"rendered":"\n[et_pb_section fb_built=\u00bb1&#8243; specialty=\u00bbon\u00bb use_background_color_gradient_1=\u00bboff\u00bb use_background_color_gradient_2=\u00bboff\u00bb _builder_version=\u00bb4.21.0&#8243; _module_preset=\u00bbdefault\u00bb background_color=\u00bb#3F4376&#8243; background_image=\u00bbhttps:\/\/midi.ar\/wp-content\/uploads\/2025\/09\/20250901_0921_Interfaz-After-Effects-Realista_remix_01k42kgkvzf198fyr9bwqaha63.png\u00bb background_blend=\u00bbsoft-light\u00bb transform_translate=\u00bb0px|2px\u00bb transform_translate_linked=\u00bboff\u00bb positioning=\u00bbnone\u00bb position_origin_f=\u00bbbottom_left\u00bb z_index=\u00bb0&#8243; overflow-y=\u00bbvisible\u00bb custom_padding=\u00bb||45px|||\u00bb filter_contrast=\u00bb92%\u00bb hover_transition_speed_curve=\u00bbease-in-out\u00bb sticky_position=\u00bbtop\u00bb sticky_offset_surrounding=\u00bboff\u00bb sticky_transition=\u00bboff\u00bb locked=\u00bboff\u00bb global_colors_info=\u00bb{}\u00bb background__hover_enabled=\u00bbon|desktop\u00bb][et_pb_column type=\u00bb1_2&#8243; specialty_columns=\u00bb2&#8243; _builder_version=\u00bb4.16&#8243; custom_padding=\u00bb|||\u00bb global_colors_info=\u00bb{}\u00bb custom_padding__hover=\u00bb|||\u00bb][et_pb_row_inner _builder_version=\u00bb4.21.0&#8243; _module_preset=\u00bbdefault\u00bb min_height=\u00bb269.2px\u00bb custom_padding=\u00bb0px||0px|||\u00bb global_colors_info=\u00bb{}\u00bb][et_pb_column_inner saved_specialty_column_type=\u00bb1_2&#8243; _builder_version=\u00bb4.21.0&#8243; _module_preset=\u00bbdefault\u00bb global_colors_info=\u00bb{}\u00bb][et_pb_text _builder_version=\u00bb4.21.0&#8243; _module_preset=\u00bbdefault\u00bb text_font=\u00bbLOTA GROTESQUE BOLD||||||||\u00bb text_font_size=\u00bb46px\u00bb text_line_height=\u00bb1.1em\u00bb transform_translate=\u00bb0px|30px\u00bb transform_translate_linked=\u00bboff\u00bb width=\u00bb125.8%\u00bb custom_margin=\u00bb9px|-22px|||false|false\u00bb custom_margin_tablet=\u00bb10px||||false|false\u00bb custom_margin_phone=\u00bb11px||||false|false\u00bb custom_margin_last_edited=\u00bbon|desktop\u00bb custom_padding=\u00bb|30px||||\u00bb text_font_size_tablet=\u00bb28px\u00bb text_font_size_phone=\u00bb26px\u00bb text_font_size_last_edited=\u00bbon|phone\u00bb text_text_shadow_style=\u00bbpreset3&#8243; global_colors_info=\u00bb{}\u00bb]<div class=\"et-fb-mousetrap et-fb-mousetrap--column\" style=\"top: -9.4062px; bottom: 0px;\"><\/div>\n<div class=\"et_fb_editing_enabled et_fb_element_controls_visible et-module-99b8afc5-4eec-4f14-af58-407fd0153295 et_pb_text et_pb_module ui-sortable et_pb_text_0 et-animated--vb et_pb_text_align_left et_pb_bg_layout_light et-fb-module--short et-fb-module--first-order et-pb-with-global-presets et-first-child et-last-child\" data-address=\"1.0.0.0.0\" dynamic=\"[object Object]\" matching=\"[object Object]\" parent_slug=\"et_pb_column_inner\" theme_builder_suffix=\"\" wp_editor_suffix=\"\" wrapper_settings=\"[object Object]\" _key=\"99b8afc5-4eec-4f14-af58-407fd0153295\" style=\"transition: none 0s ease 0s;\">\n<div class=\"et_pb_text_inner\">\n<div data-shortcode-id=\"1.0.0.0.0-1719065236417\" data-quickaccess-editable=\"yes\" class=\"et-fb-popover-tinymce\">\n<div class=\"mce-content-body\" contenteditable=\"true\" style=\"position: relative;\" data-lt-tmp-id=\"lt-778889\" spellcheck=\"false\" data-gramm=\"false\">\n<p><span style=\"color: #ffffff;\"><b>Nivel Intermedio:<br \/>Curso t\u00e9cnicas y<br \/>composici\u00f3n avanzada\u00a0\u00a0<\/b><\/span><\/p>\n<p><b> <\/b><\/p>\n<p><b><\/b><\/p>\n<\/div>\n<\/div>\n<\/div>\n<\/div>[\/et_pb_text][\/et_pb_column_inner][\/et_pb_row_inner][\/et_pb_column][et_pb_column type=\u00bb1_2&#8243; _builder_version=\u00bb4.16&#8243; custom_padding=\u00bb|||\u00bb global_colors_info=\u00bb{}\u00bb custom_padding__hover=\u00bb|||\u00bb][et_pb_button url_new_window=\u00bbon\u00bb button_text=\u00bbInscripciones Abiertas\u00bb button_alignment=\u00bbright\u00bb button_alignment_tablet=\u00bbleft\u00bb button_alignment_phone=\u00bbleft\u00bb button_alignment_last_edited=\u00bbon|desktop\u00bb _builder_version=\u00bb4.21.0&#8243; _module_preset=\u00bbdefault\u00bb custom_button=\u00bbon\u00bb button_text_size=\u00bb24px\u00bb button_text_color=\u00bb#ffffff\u00bb button_bg_color=\u00bb#ED7A00&#8243; button_border_width=\u00bb7px\u00bb button_border_color=\u00bb#ED7A00&#8243; button_border_radius=\u00bb100px\u00bb button_font=\u00bbLOTA GROTESQUE REGULAR||||||||\u00bb button_use_icon=\u00bboff\u00bb button_rel=\u00bboff|off|off|off|off\u00bb transform_translate=\u00bb0px|57px\u00bb transform_translate_linked=\u00bboff\u00bb background_layout=\u00bbdark\u00bb custom_margin=\u00bb24px||||false|false\u00bb custom_margin_tablet=\u00bb-36px||19px||false|false\u00bb custom_margin_phone=\u00bb-36px||||false|false\u00bb custom_margin_last_edited=\u00bbon|phone\u00bb animation_style=\u00bbbounce\u00bb hover_enabled=\u00bb0&#8243; button_text_size_tablet=\u00bb16px\u00bb button_text_size_phone=\u00bb13px\u00bb button_text_size_last_edited=\u00bbon|tablet\u00bb locked=\u00bboff\u00bb global_colors_info=\u00bb{}\u00bb custom_margin__hover_enabled=\u00bboff|hover\u00bb button_url=\u00bbhttps:\/\/docs.google.com\/forms\/d\/e\/1FAIpQLSfM1qxAkNN3gCDF0XvJMw2ImdQmg8HkjszmiqzKmspNMxqkGQ\/viewform\u00bb sticky_enabled=\u00bb0&#8243;][\/et_pb_button][\/et_pb_column][\/et_pb_section][et_pb_section fb_built=\u00bb1&#8243; admin_label=\u00bbInfo sobre el curso\u00bb _builder_version=\u00bb4.21.0&#8243; _module_preset=\u00bbdefault\u00bb custom_padding=\u00bb||0px|||\u00bb locked=\u00bboff\u00bb collapsed=\u00bbon\u00bb global_colors_info=\u00bb{}\u00bb][et_pb_row column_structure=\u00bb1_2,1_2&#8243; _builder_version=\u00bb4.21.0&#8243; _module_preset=\u00bbdefault\u00bb custom_margin=\u00bb|auto|-162px|auto||\u00bb custom_padding=\u00bb||16px|||\u00bb global_colors_info=\u00bb{}\u00bb][et_pb_column type=\u00bb1_2&#8243; _builder_version=\u00bb4.21.0&#8243; _module_preset=\u00bbdefault\u00bb background_color=\u00bb#eaebef\u00bb border_radii=\u00bbon|30px|30px|30px|30px\u00bb global_colors_info=\u00bb{}\u00bb][et_pb_blurb title=\u00bb\u00a1Llega el Curso de After Effects a MediaLab!\u00bb title_last_edited=\u00bboff|desktop\u00bb _builder_version=\u00bb4.21.0&#8243; _module_preset=\u00bbdefault\u00bb header_line_height=\u00bb1.1em\u00bb custom_margin=\u00bb36px||36px||true|false\u00bb custom_margin_last_edited=\u00bboff|desktop\u00bb global_colors_info=\u00bb{}\u00bb]<p data-start=\"157\" data-end=\"421\">En el marco de <strong data-start=\"217\" data-end=\"243\">MIDI (Misiones Dise\u00f1a)<\/strong>, lanzamos el curso <strong data-start=\"263\" data-end=\"300\">\u201cT\u00e9cnicas y Composici\u00f3n Avanzada\u201d<\/strong> en After Effects, pensado para quienes ya dominan las bases y quieren llevar sus proyectos audiovisuales a otro nivel.<\/p>\n<p data-start=\"423\" data-end=\"635\">Perfeccion\u00e1 tu manejo del software l\u00edder en animaci\u00f3n, postproducci\u00f3n y motion graphics, aprend\u00e9 a aplicar t\u00e9cnicas intermedias y desarroll\u00e1 composiciones de alto impacto que potencien tu perfil profesional.Con modalidad pr\u00e1ctica, clases presenciales y acompa\u00f1amiento personalizado, este curso es la oportunidad ideal para dar el siguiente paso en tu camino creativo.<\/p>\n<p><span style=\"font-weight: 400;\"><\/span><\/p>[\/et_pb_blurb][\/et_pb_column][et_pb_column type=\u00bb1_2&#8243; _builder_version=\u00bb4.21.0&#8243; _module_preset=\u00bbdefault\u00bb global_colors_info=\u00bb{}\u00bb][et_pb_image src=\u00bbhttps:\/\/midi.ar\/wp-content\/uploads\/2025\/09\/20250901_0908_Trabajo-en-After-Effects_remix_01k42jrn71eqr8n5hhxb0jv36n.png\u00bb title_text=\u00bb20250901_0908_Trabajo en After Effects_remix_01k42jrn71eqr8n5hhxb0jv36n\u00bb force_fullwidth=\u00bbon\u00bb _builder_version=\u00bb4.21.0&#8243; _module_preset=\u00bbdefault\u00bb transform_scale=\u00bb90%|75%\u00bb transform_translate=\u00bb-51px|-96px\u00bb transform_translate_linked=\u00bboff\u00bb min_height=\u00bb622px\u00bb height=\u00bb638px\u00bb max_height=\u00bb1000px\u00bb scroll_horizontal_motion_enable=\u00bbon\u00bb scroll_horizontal_motion=\u00bb0|70|70|100|0.3|0|0&#8243; motion_trigger_start=\u00bbtop\u00bb border_radii=\u00bbon|30px|30px|30px|30px\u00bb locked=\u00bboff\u00bb global_colors_info=\u00bb{}\u00bb][\/et_pb_image][\/et_pb_column][\/et_pb_row][\/et_pb_section][et_pb_section fb_built=\u00bb1&#8243; disabled_on=\u00bboff|off|off\u00bb _builder_version=\u00bb4.21.0&#8243; _module_preset=\u00bbdefault\u00bb custom_padding=\u00bb0px||0px||true|\u00bb locked=\u00bboff\u00bb global_colors_info=\u00bb{}\u00bb][et_pb_row column_structure=\u00bb1_3,1_3,1_3&#8243; make_equal=\u00bbon\u00bb disabled_on=\u00bboff|off|off\u00bb _builder_version=\u00bb4.21.0&#8243; _module_preset=\u00bbdefault\u00bb transform_translate=\u00bb0px|-51px\u00bb transform_translate_linked=\u00bboff\u00bb custom_margin_tablet=\u00bb||||false|false\u00bb custom_margin_phone=\u00bb-5px|auto||auto|false|false\u00bb custom_margin_last_edited=\u00bbon|tablet\u00bb custom_padding=\u00bb0px||0px||true|\u00bb animation_style=\u00bbfade\u00bb overflow-y_last_edited=\u00bboff|desktop\u00bb global_colors_info=\u00bb{}\u00bb][et_pb_column type=\u00bb1_3&#8243; _builder_version=\u00bb4.21.0&#8243; _module_preset=\u00bbdefault\u00bb global_colors_info=\u00bb{}\u00bb][et_pb_blurb use_icon=\u00bbon\u00bb font_icon=\u00bb&#xe023;||divi||400&#8243; image_icon_width=\u00bb69px\u00bb _builder_version=\u00bb4.21.0&#8243; _module_preset=\u00bbdefault\u00bb header_text_align=\u00bbcenter\u00bb header_font_size=\u00bb24px\u00bb body_font=\u00bbLOTA GROTESQUE BOLD||||||||\u00bb body_text_align=\u00bbcenter\u00bb body_font_size=\u00bb24px\u00bb background_color=\u00bb#eaebef\u00bb min_height=\u00bb147.2px\u00bb custom_margin=\u00bb||||false|false\u00bb custom_padding=\u00bb40px||40px||true|\u00bb animation=\u00bbbottom\u00bb body_font_size_tablet=\u00bb\u00bb body_font_size_phone=\u00bb\u00bb body_font_size_last_edited=\u00bbon|phone\u00bb border_radii=\u00bbon|30px|30px|30px|30px\u00bb global_colors_info=\u00bb{}\u00bb]<p>9,16,23 Y 30 de Septiembre<\/p>[\/et_pb_blurb][\/et_pb_column][et_pb_column type=\u00bb1_3&#8243; _builder_version=\u00bb4.21.0&#8243; _module_preset=\u00bbdefault\u00bb global_colors_info=\u00bb{}\u00bb][et_pb_blurb title=\u00bb15 a 18:00 hs\u00bb use_icon=\u00bbon\u00bb font_icon=\u00bb&#xf017;||fa||400&#8243; image_icon_width=\u00bb69px\u00bb _builder_version=\u00bb4.21.0&#8243; _module_preset=\u00bbdefault\u00bb header_text_align=\u00bbcenter\u00bb header_font_size=\u00bb24px\u00bb background_color=\u00bb#eaebef\u00bb min_height=\u00bb147.2px\u00bb custom_margin=\u00bb||28px||false|false\u00bb custom_padding=\u00bb40px||40px||true|\u00bb animation=\u00bbbottom\u00bb border_radii=\u00bbon|30px|30px|30px|30px\u00bb global_colors_info=\u00bb{}\u00bb][\/et_pb_blurb][\/et_pb_column][et_pb_column type=\u00bb1_3&#8243; _builder_version=\u00bb4.21.0&#8243; _module_preset=\u00bbdefault\u00bb global_colors_info=\u00bb{}\u00bb][et_pb_blurb title=\u00bbModalidad presencial\u00bb use_icon=\u00bbon\u00bb font_icon=\u00bb&#xe08a;||divi||400&#8243; image_icon_width=\u00bb69px\u00bb _builder_version=\u00bb4.21.0&#8243; _module_preset=\u00bbdefault\u00bb header_text_align=\u00bbcenter\u00bb header_font_size=\u00bb24px\u00bb header_line_height=\u00bb1.1em\u00bb background_color=\u00bb#eaebef\u00bb min_height=\u00bb147.2px\u00bb custom_margin=\u00bb||||false|false\u00bb custom_padding=\u00bb23px|9px|23px|9px|true|true\u00bb animation=\u00bbbottom\u00bb border_radii=\u00bbon|30px|30px|30px|30px\u00bb global_colors_info=\u00bb{}\u00bb][\/et_pb_blurb][\/et_pb_column][\/et_pb_row][\/et_pb_section][et_pb_section fb_built=\u00bb1&#8243; admin_label=\u00bbobjetivo del curso\u00bb _builder_version=\u00bb4.21.0&#8243; _module_preset=\u00bbdefault\u00bb custom_padding=\u00bb2px||17px||false|\u00bb locked=\u00bboff\u00bb global_colors_info=\u00bb{}\u00bb][et_pb_row _builder_version=\u00bb4.21.0&#8243; _module_preset=\u00bbdefault\u00bb custom_margin=\u00bb-11px|auto|-7px|auto||\u00bb custom_padding=\u00bb24px||24px||true|\u00bb global_colors_info=\u00bb{}\u00bb][et_pb_column type=\u00bb4_4&#8243; _builder_version=\u00bb4.21.0&#8243; _module_preset=\u00bbdefault\u00bb global_colors_info=\u00bb{}\u00bb][et_pb_cta title=\u00bbObjetivo del curso\u00bb button_text=\u00bbClics\u00bb _builder_version=\u00bb4.21.0&#8243; _module_preset=\u00bbdefault\u00bb header_font=\u00bbLOTA GROTESQUE BOLD||||||||\u00bb header_text_align=\u00bbleft\u00bb header_font_size=\u00bb37px\u00bb body_font=\u00bbLOTA GROTESQUE REGULAR||||||||\u00bb body_font_size=\u00bb18px\u00bb body_line_height=\u00bb1.4em\u00bb custom_padding=\u00bb31px||8px||false|\u00bb header_font_size_tablet=\u00bb37px\u00bb header_font_size_phone=\u00bb26px\u00bb header_font_size_last_edited=\u00bbon|desktop\u00bb body_font_size_tablet=\u00bb16px\u00bb body_font_size_phone=\u00bb14px\u00bb body_font_size_last_edited=\u00bbon|desktop\u00bb border_radii=\u00bbon|30px|30px|30px|30px\u00bb global_colors_info=\u00bb{}\u00bb]<ul>\n<li style=\"text-align: left;\"><span style=\"font-weight: 400;\">Brindar herramientas t\u00e9cnicas y creativas para el manejo profesional de After Effects.<\/span><span style=\"font-weight: 400;\">\n<p><\/span><\/li>\n<li style=\"text-align: left;\"><span style=\"font-weight: 400;\">Capacitar en la creaci\u00f3n de animaciones, composiciones visuales y efectos especiales.<\/span><span style=\"font-weight: 400;\">\n<p><\/span><\/li>\n<li style=\"text-align: left;\"><span style=\"font-weight: 400;\">Integrar saberes audiovisuales con t\u00e9cnicas de dise\u00f1o en movimiento.<\/span><span style=\"font-weight: 400;\">\n<p><\/span><\/li>\n<li style=\"text-align: left;\"><span style=\"font-weight: 400;\">Acompa\u00f1ar el desarrollo de proyectos reales de los participantes.<\/span><span style=\"font-weight: 400;\">\n<p><\/span><\/li>\n<li style=\"text-align: left;\"><span style=\"font-weight: 400;\">Promover la innovaci\u00f3n visual en el ecosistema creativo de Misiones.<\/span><span style=\"font-weight: 400;\"><br \/><\/span><\/li>\n<\/ul>[\/et_pb_cta][\/et_pb_column][\/et_pb_row][\/et_pb_section][et_pb_section fb_built=\u00bb1&#8243; admin_label=\u00bbtemario\u00bb _builder_version=\u00bb4.21.0&#8243; _module_preset=\u00bbdefault\u00bb custom_padding=\u00bb60px||60px||true|\u00bb locked=\u00bboff\u00bb global_colors_info=\u00bb{}\u00bb][et_pb_row _builder_version=\u00bb4.23.2&#8243; _module_preset=\u00bbdefault\u00bb custom_padding=\u00bb3px||3px||true|\u00bb global_colors_info=\u00bb{}\u00bb][et_pb_column type=\u00bb4_4&#8243; _builder_version=\u00bb4.23.2&#8243; _module_preset=\u00bbdefault\u00bb global_colors_info=\u00bb{}\u00bb][et_pb_text _builder_version=\u00bb4.21.0&#8243; _module_preset=\u00bbdefault\u00bb text_font=\u00bbLOTA GROTESQUE BOLD||||||||\u00bb text_text_color=\u00bb#3F4376&#8243; text_font_size=\u00bb37px\u00bb text_orientation=\u00bbcenter\u00bb custom_margin=\u00bb||9px|||\u00bb custom_padding=\u00bb||0px|||\u00bb text_font_size_tablet=\u00bb37px\u00bb text_font_size_phone=\u00bb26px\u00bb text_font_size_last_edited=\u00bbon|phone\u00bb global_colors_info=\u00bb{}\u00bb]<p style=\"text-align: left;\">\u00bfQu\u00e9 vas a aprender?<\/p>[\/et_pb_text][et_pb_accordion open_toggle_background_color=\u00bbRGBA(255,255,255,0)\u00bb closed_toggle_background_color=\u00bbRGBA(255,255,255,0)\u00bb toggle_icon=\u00bb&#xf063;||fa||900&#8243; icon_color=\u00bbgcid-c9ec881e-ca46-4387-bf7a-f2b34d8141ee\u00bb use_icon_font_size=\u00bbon\u00bb _builder_version=\u00bb4.21.0&#8243; _module_preset=\u00bbdefault\u00bb toggle_text_color=\u00bb#2B2C50&#8243; toggle_font=\u00bbSpace Grotesk|500|||||||\u00bb toggle_font_size=\u00bb36px\u00bb toggle_line_height=\u00bb1.4em\u00bb body_font_size=\u00bb15px\u00bb body_line_height=\u00bb1.8em\u00bb custom_margin=\u00bb-5px|||||\u00bb toggle_font_size_phone=\u00bb16px\u00bb body_font_size_tablet=\u00bb15px\u00bb body_font_size_phone=\u00bb\u00bb body_font_size_last_edited=\u00bbon|desktop\u00bb border_width_all=\u00bb0px\u00bb border_color_all=\u00bb#F7B033&#8243; border_width_bottom=\u00bb2px\u00bb locked=\u00bboff\u00bb global_colors_info=\u00bb{%22gcid-c9ec881e-ca46-4387-bf7a-f2b34d8141ee%22:%91%22icon_color%22%93}\u00bb][et_pb_accordion_item title=\u00bbTemario\u00bb open=\u00bbon\u00bb open_toggle_text_color=\u00bb#585FA6&#8243; closed_toggle_text_color=\u00bb#3F4376&#8243; icon_color=\u00bb#258651&#8243; _builder_version=\u00bb4.21.0&#8243; _module_preset=\u00bbdefault\u00bb body_text_color=\u00bb#2B2C50&#8243; body_font_size=\u00bb18px\u00bb custom_padding=\u00bb|0px||0px|false|true\u00bb body_font_size_tablet=\u00bb16px\u00bb body_font_size_phone=\u00bb14px\u00bb body_font_size_last_edited=\u00bbon|phone\u00bb border_color_all=\u00bb#258651&#8243; global_colors_info=\u00bb{}\u00bb toggle_text_color=\u00bb#3F4376&#8243; toggle_font=\u00bbLOTA GROTESQUE SEMI BOLD|500|||||||\u00bb toggle_text_align=\u00bbleft\u00bb toggle_font_size=\u00bb25px\u00bb toggle_font_size_tablet=\u00bb20px\u00bb toggle_font_size_phone=\u00bb20px\u00bb toggle_font_size_last_edited=\u00bbon|desktop\u00bb]<ul>\n<li><span style=\"font-weight: 400;\">Animaci\u00f3n avanzada con curvas y easing<\/span><span style=\"font-weight: 400;\"><br \/><\/span><span style=\"font-weight: 400;\"><\/span><\/li>\n<li><span style=\"font-weight: 400;\">Efectos de transici\u00f3n, part\u00edculas y luces<\/span><\/li>\n<li>Integraci\u00f3n con Adobe Premiere y Photoshop<\/li>\n<li>Introducci\u00f3n al tracking y chroma key<\/li>\n<li><span style=\"font-weight: 400;\">Ejercicios de piezas publicitarias o institucionales<\/span><b><br \/><\/b><\/li>\n<\/ul>[\/et_pb_accordion_item][\/et_pb_accordion][\/et_pb_column][\/et_pb_row][\/et_pb_section][et_pb_section fb_built=\u00bb1&#8243; admin_label=\u00bba quien va dirigido\u00bb _builder_version=\u00bb4.21.0&#8243; _module_preset=\u00bbdefault\u00bb custom_padding=\u00bb15px||15px||true|\u00bb locked=\u00bboff\u00bb global_colors_info=\u00bb{}\u00bb][et_pb_row _builder_version=\u00bb4.21.0&#8243; _module_preset=\u00bbdefault\u00bb background_color=\u00bbRGBA(255,255,255,0)\u00bb custom_padding=\u00bb0px||0px||true|\u00bb global_colors_info=\u00bb{}\u00bb][et_pb_column type=\u00bb4_4&#8243; _builder_version=\u00bb4.21.0&#8243; _module_preset=\u00bbdefault\u00bb global_colors_info=\u00bb{}\u00bb][et_pb_cta title=\u00bb\u00bfA qui\u00e9n va dirigido?\u00bb _builder_version=\u00bb4.21.0&#8243; _module_preset=\u00bbdefault\u00bb header_font=\u00bbLOTA GROTESQUE BOLD||||||||\u00bb header_text_align=\u00bbleft\u00bb header_text_color=\u00bb#3F4376&#8243; header_font_size=\u00bb37px\u00bb body_font=\u00bbLOTA GROTESQUE REGULAR||||||||\u00bb body_text_color=\u00bb#2B2C50&#8243; body_font_size=\u00bb18px\u00bb body_line_height=\u00bb1.4em\u00bb background_color=\u00bb#eaebef\u00bb custom_padding=\u00bb43px|36px|0px|36px||true\u00bb header_font_size_tablet=\u00bb37px\u00bb header_font_size_phone=\u00bb26px\u00bb header_font_size_last_edited=\u00bbon|phone\u00bb body_font_size_tablet=\u00bb16px\u00bb body_font_size_phone=\u00bb14px\u00bb body_font_size_last_edited=\u00bbon|desktop\u00bb border_radii=\u00bbon|30px|30px|30px|30px\u00bb global_colors_info=\u00bb{}\u00bb]<p style=\"text-align: left;\"><b>\u00a0Este curso est\u00e1 dise\u00f1ado para:<\/b><\/p>\n<ul>\n<li style=\"font-weight: 400; text-align: left;\" aria-level=\"1\"><span style=\"font-weight: 400;\">Estudiantes de carreras audiovisuales<\/span><\/li>\n<li style=\"font-weight: 400; text-align: left;\" aria-level=\"1\"><span style=\"font-weight: 400;\">Creadores de contenido<\/span><span style=\"font-weight: 400;\"><\/span><\/li>\n<li style=\"font-weight: 400; text-align: left;\" aria-level=\"1\"><span style=\"font-weight: 400;\">Filmmakers y vide\u00f3grafos<\/span><span style=\"font-weight: 400;\"><\/span><\/li>\n<li style=\"font-weight: 400; text-align: left;\" aria-level=\"1\"><span style=\"font-weight: 400;\">Fot\u00f3grafos y editores de video<\/span><span style=\"font-weight: 400;\"><\/span><\/li>\n<li style=\"font-weight: 400; text-align: left;\" aria-level=\"1\"><span style=\"font-weight: 400;\">Operadores de streaming<\/span><span style=\"font-weight: 400;\"><\/span><\/li>\n<li style=\"font-weight: 400; text-align: left;\" aria-level=\"1\"><span style=\"font-weight: 400;\">T\u00e9cnicos audiovisuales<\/span><span style=\"font-weight: 400;\"><\/span><\/li>\n<li style=\"font-weight: 400; text-align: left;\" aria-level=\"1\"><span style=\"font-weight: 400;\">Comunicadores visuales<\/span><span style=\"font-weight: 400;\"><\/span><\/li>\n<li style=\"font-weight: 400; text-align: left;\" aria-level=\"1\"><span style=\"font-weight: 400;\">Profesionales de TV y publicidad<\/span><span style=\"font-weight: 400;\"><\/span><\/li>\n<li style=\"font-weight: 400; text-align: left;\" aria-level=\"1\"><span style=\"font-weight: 400;\">Dise\u00f1adores y creativos en general<\/span><\/li>\n<\/ul>[\/et_pb_cta][\/et_pb_column][\/et_pb_row][\/et_pb_section][et_pb_section fb_built=\u00bb1&#8243; _builder_version=\u00bb4.21.0&#8243; _module_preset=\u00bbdefault\u00bb custom_padding=\u00bb40px|||||\u00bb locked=\u00bboff\u00bb global_colors_info=\u00bb{}\u00bb][et_pb_row _builder_version=\u00bb4.21.0&#8243; _module_preset=\u00bbdefault\u00bb custom_padding=\u00bb16px||1px||false|\u00bb border_radii=\u00bbon|30px|30px|30px|30px\u00bb global_colors_info=\u00bb{}\u00bb][et_pb_column type=\u00bb4_4&#8243; _builder_version=\u00bb4.21.0&#8243; _module_preset=\u00bbdefault\u00bb global_colors_info=\u00bb{}\u00bb][et_pb_slider _builder_version=\u00bb4.21.0&#8243; _module_preset=\u00bbdefault\u00bb body_line_height=\u00bb1.4em\u00bb custom_margin=\u00bb-17px|||||\u00bb animation_style=\u00bbzoom\u00bb hover_enabled=\u00bb0&#8243; global_colors_info=\u00bb{}\u00bb sticky_enabled=\u00bb0&#8243;][et_pb_slide heading=\u00bb\u00a1Inscribite ahora!\u00bb button_text=\u00bb\u00a1Inscribirme ahora!\u00bb url_new_window=\u00bbon\u00bb _builder_version=\u00bb4.21.0&#8243; _module_preset=\u00bbdefault\u00bb header_font=\u00bb|600|||||||\u00bb header_font_size=\u00bb37px\u00bb background_image=\u00bbhttps:\/\/midi.ar\/wp-content\/uploads\/2024\/03\/1_2.png\u00bb background_enable_image=\u00bbon\u00bb custom_button=\u00bbon\u00bb button_text_color=\u00bb#2B2C50&#8243; button_bg_color=\u00bb#ffffff\u00bb button_border_color=\u00bb#ffffff\u00bb button_border_radius=\u00bb100px\u00bb link_option_url_new_window=\u00bbon\u00bb hover_enabled=\u00bb0&#8243; header_font_size_tablet=\u00bb37px\u00bb header_font_size_phone=\u00bb26px\u00bb header_font_size_last_edited=\u00bbon|phone\u00bb global_colors_info=\u00bb{}\u00bb sticky_transition=\u00bbon\u00bb button_link=\u00bbhttps:\/\/docs.google.com\/forms\/d\/e\/1FAIpQLSfM1qxAkNN3gCDF0XvJMw2ImdQmg8HkjszmiqzKmspNMxqkGQ\/viewform\u00bb sticky_enabled=\u00bb0&#8243;]<p>\u00a1Inscribite y llev\u00e1 tus habilidades en After Effects al pr\u00f3ximo nivel, dominando t\u00e9cnicas intermedias y composici\u00f3n avanzada para crear proyectos audiovisuales m\u00e1s profesionales!<\/p>[\/et_pb_slide][\/et_pb_slider][\/et_pb_column][\/et_pb_row][\/et_pb_section]\n","protected":false},"excerpt":{"rendered":"<p>Nivel Intermedio:Curso t\u00e9cnicas ycomposici\u00f3n avanzada\u00a0\u00a0 En el marco de MIDI (Misiones Dise\u00f1a), lanzamos el curso \u201cT\u00e9cnicas y Composici\u00f3n Avanzada\u201d en After Effects, pensado para quienes ya dominan las bases y quieren llevar sus proyectos audiovisuales a otro nivel. Perfeccion\u00e1 tu manejo del software l\u00edder en animaci\u00f3n, postproducci\u00f3n y motion graphics, aprend\u00e9 a aplicar t\u00e9cnicas intermedias [&hellip;]<\/p>\n","protected":false},"author":7,"featured_media":0,"parent":0,"menu_order":0,"comment_status":"closed","ping_status":"closed","template":"","meta":{"_et_pb_use_builder":"on","_et_pb_old_content":"","_et_gb_content_width":"","footnotes":""},"class_list":["post-2951","page","type-page","status-publish","hentry"],"_links":{"self":[{"href":"https:\/\/midi.ar\/index.php\/wp-json\/wp\/v2\/pages\/2951","targetHints":{"allow":["GET"]}}],"collection":[{"href":"https:\/\/midi.ar\/index.php\/wp-json\/wp\/v2\/pages"}],"about":[{"href":"https:\/\/midi.ar\/index.php\/wp-json\/wp\/v2\/types\/page"}],"author":[{"embeddable":true,"href":"https:\/\/midi.ar\/index.php\/wp-json\/wp\/v2\/users\/7"}],"replies":[{"embeddable":true,"href":"https:\/\/midi.ar\/index.php\/wp-json\/wp\/v2\/comments?post=2951"}],"version-history":[{"count":5,"href":"https:\/\/midi.ar\/index.php\/wp-json\/wp\/v2\/pages\/2951\/revisions"}],"predecessor-version":[{"id":2959,"href":"https:\/\/midi.ar\/index.php\/wp-json\/wp\/v2\/pages\/2951\/revisions\/2959"}],"wp:attachment":[{"href":"https:\/\/midi.ar\/index.php\/wp-json\/wp\/v2\/media?parent=2951"}],"curies":[{"name":"wp","href":"https:\/\/api.w.org\/{rel}","templated":true}]}}