{"id":2826,"date":"2025-06-23T08:34:17","date_gmt":"2025-06-23T11:34:17","guid":{"rendered":"https:\/\/midi.ar\/?page_id=2826"},"modified":"2025-06-25T11:51:39","modified_gmt":"2025-06-25T14:51:39","slug":"curso_costosyprecios_business","status":"publish","type":"page","link":"https:\/\/midi.ar\/index.php\/curso_costosyprecios_business\/","title":{"rendered":"CURSO COSTOSYPRECIOS BUSINESS"},"content":{"rendered":"<p>[et_pb_section fb_built=\u00bb1&#8243; inner_shadow=\u00bbon\u00bb specialty=\u00bbon\u00bb use_background_color_gradient_1=\u00bboff\u00bb use_background_color_gradient_2=\u00bboff\u00bb _builder_version=\u00bb4.21.0&#8243; _module_preset=\u00bbdefault\u00bb background_image=\u00bbhttps:\/\/midi.ar\/wp-content\/uploads\/2025\/06\/20250623_0736_Creatividad-Financiera-Visual_simple_compose_01jye5nkpxf198peqdwc8hcq7f.png\u00bb background_position=\u00bbtop_right\u00bb background_horizontal_offset=\u00bb26%\u00bb background_vertical_offset=\u00bb77%\u00bb background_blend=\u00bbdarken\u00bb positioning=\u00bbnone\u00bb position_origin_f=\u00bbbottom_left\u00bb z_index=\u00bb0&#8243; min_height=\u00bb352.9px\u00bb overflow-y=\u00bbvisible\u00bb custom_padding=\u00bb||1px|||\u00bb filter_contrast=\u00bb92%\u00bb hover_transition_speed_curve=\u00bbease-in-out\u00bb sticky_position=\u00bbtop\u00bb sticky_offset_surrounding=\u00bboff\u00bb sticky_transition=\u00bboff\u00bb locked=\u00bboff\u00bb global_colors_info=\u00bb{}\u00bb background__hover_enabled=\u00bbon|desktop\u00bb][et_pb_column type=\u00bb1_2&#8243; specialty_columns=\u00bb2&#8243; _builder_version=\u00bb4.16&#8243; custom_padding=\u00bb|||\u00bb global_colors_info=\u00bb{}\u00bb custom_padding__hover=\u00bb|||\u00bb][et_pb_row_inner _builder_version=\u00bb4.21.0&#8243; _module_preset=\u00bbdefault\u00bb global_colors_info=\u00bb{}\u00bb][et_pb_column_inner saved_specialty_column_type=\u00bb1_2&#8243; _builder_version=\u00bb4.21.0&#8243; _module_preset=\u00bbdefault\u00bb global_colors_info=\u00bb{}\u00bb][et_pb_text _builder_version=\u00bb4.21.0&#8243; _module_preset=\u00bbdefault\u00bb text_font=\u00bbLOTA GROTESQUE BOLD||||||||\u00bb text_text_color=\u00bbgcid-b28e424c-e31e-4a20-9a2b-ba464eff6341&#8243; text_font_size=\u00bb46px\u00bb text_line_height=\u00bb1.1em\u00bb transform_translate=\u00bb0px|42px\u00bb transform_translate_linked=\u00bboff\u00bb width=\u00bb114.6%\u00bb custom_margin=\u00bb9px|-22px|||false|false\u00bb custom_margin_tablet=\u00bb10px||||false|false\u00bb custom_margin_phone=\u00bb11px||||false|false\u00bb custom_margin_last_edited=\u00bbon|desktop\u00bb text_font_size_tablet=\u00bb28px\u00bb text_font_size_phone=\u00bb26px\u00bb text_font_size_last_edited=\u00bbon|phone\u00bb text_text_shadow_style=\u00bbpreset3&#8243; global_colors_info=\u00bb{%22gcid-b28e424c-e31e-4a20-9a2b-ba464eff6341%22:%91%22text_text_color%22%93}\u00bb]<\/p>\n<p><b>Costos y Precios para Mentes Creativas<\/b><\/p>\n<p>[\/et_pb_text][\/et_pb_column_inner][\/et_pb_row_inner][\/et_pb_column][et_pb_column type=\u00bb1_2&#8243; _builder_version=\u00bb4.16&#8243; custom_padding=\u00bb|||\u00bb global_colors_info=\u00bb{}\u00bb custom_padding__hover=\u00bb|||\u00bb][et_pb_button button_url=\u00bbhttps:\/\/docs.google.com\/forms\/d\/e\/1FAIpQLSfC1WM77X2SuJW2hGsJ8iMSL1Pu4Q_u27JPkDhe2dH0HbcCIg\/viewform\u00bb url_new_window=\u00bbon\u00bb button_text=\u00bbSin Costo\u00bb button_alignment=\u00bbright\u00bb button_alignment_tablet=\u00bbleft\u00bb button_alignment_phone=\u00bbleft\u00bb button_alignment_last_edited=\u00bbon|desktop\u00bb _builder_version=\u00bb4.21.0&#8243; _module_preset=\u00bbdefault\u00bb custom_button=\u00bbon\u00bb button_text_size=\u00bb24px\u00bb button_text_color=\u00bb#ffffff\u00bb button_bg_color=\u00bb#2B2C50&#8243; button_border_width=\u00bb7px\u00bb button_border_color=\u00bb#2B2C50&#8243; button_border_radius=\u00bb100px\u00bb button_font=\u00bbLOTA GROTESQUE REGULAR||||||||\u00bb button_use_icon=\u00bboff\u00bb button_rel=\u00bboff|off|off|off|off\u00bb transform_translate=\u00bb0px|42px\u00bb transform_translate_linked=\u00bboff\u00bb background_layout=\u00bbdark\u00bb custom_margin=\u00bb24px||||false|false\u00bb custom_margin_tablet=\u00bb-36px||19px||false|false\u00bb custom_margin_phone=\u00bb-36px||||false|false\u00bb custom_margin_last_edited=\u00bbon|phone\u00bb animation_style=\u00bbbounce\u00bb hover_enabled=\u00bb0&#8243; button_text_size_tablet=\u00bb16px\u00bb button_text_size_phone=\u00bb13px\u00bb button_text_size_last_edited=\u00bbon|tablet\u00bb locked=\u00bboff\u00bb global_colors_info=\u00bb{}\u00bb custom_margin__hover_enabled=\u00bboff|hover\u00bb sticky_enabled=\u00bb0&#8243;][\/et_pb_button][\/et_pb_column][\/et_pb_section][et_pb_section fb_built=\u00bb1&#8243; admin_label=\u00bbInfo sobre el curso\u00bb _builder_version=\u00bb4.21.0&#8243; _module_preset=\u00bbdefault\u00bb custom_padding=\u00bb||0px|||\u00bb collapsed=\u00bbon\u00bb global_colors_info=\u00bb{}\u00bb][et_pb_row column_structure=\u00bb1_2,1_2&#8243; _builder_version=\u00bb4.21.0&#8243; _module_preset=\u00bbdefault\u00bb custom_padding=\u00bb||16px|||\u00bb global_colors_info=\u00bb{}\u00bb][et_pb_column type=\u00bb1_2&#8243; _builder_version=\u00bb4.21.0&#8243; _module_preset=\u00bbdefault\u00bb background_color=\u00bb#eaebef\u00bb border_radii=\u00bbon|30px|30px|30px|30px\u00bb global_colors_info=\u00bb{}\u00bb][et_pb_blurb title=\u00bbCostos y Precios para Mentes Creativas\u00bb title_last_edited=\u00bboff|desktop\u00bb _builder_version=\u00bb4.21.0&#8243; _module_preset=\u00bbdefault\u00bb header_line_height=\u00bb1.1em\u00bb custom_margin_last_edited=\u00bboff|desktop\u00bb global_colors_info=\u00bb{}\u00bb]<\/p>\n<p><span style=\"font-weight: 400;\">El taller \u00abCostos y Precios para Mentes Creativas\u00bb es una capacitaci\u00f3n intensiva dise\u00f1ada <\/span><span style=\"font-weight: 400;\"><br \/><\/span><span style=\"font-weight: 400;\">para proporcionar a emprendedores y profesionales de las industrias creativas las herramientas y metodolog\u00edas necesarias para una correcta gesti\u00f3n de costos y la formulaci\u00f3n de estrategias de precios efectivas.<\/span><\/p>\n<p><span style=\"font-weight: 400;\">El objetivo es abordar uno de los desaf\u00edos m\u00e1s significativos del sector: la monetizaci\u00f3n del trabajo creativo, pasando de la intuici\u00f3n a un sistema estructurado que permita la sostenibilidad y rentabilidad del negocio.<\/span><\/p>\n<p>[\/et_pb_blurb][\/et_pb_column][et_pb_column type=\u00bb1_2&#8243; _builder_version=\u00bb4.21.0&#8243; _module_preset=\u00bbdefault\u00bb global_colors_info=\u00bb{}\u00bb][et_pb_image src=\u00bbhttps:\/\/midi.ar\/wp-content\/uploads\/2025\/06\/20250623_0758_Creative-Workshop-Dynamics_simple_compose_01jye6xkqbf8ta6p8ya8r6r0fy.png\u00bb title_text=\u00bb20250623_0758_Creative Workshop Dynamics_simple_compose_01jye6xkqbf8ta6p8ya8r6r0fy\u00bb force_fullwidth=\u00bbon\u00bb _builder_version=\u00bb4.21.0&#8243; _module_preset=\u00bbdefault\u00bb height=\u00bb484px\u00bb scroll_horizontal_motion_enable=\u00bbon\u00bb scroll_horizontal_motion=\u00bb0|70|70|100|0.3|0|0&#8243; motion_trigger_start=\u00bbtop\u00bb border_radii=\u00bbon|30px|30px|30px|30px\u00bb locked=\u00bboff\u00bb global_colors_info=\u00bb{}\u00bb][\/et_pb_image][\/et_pb_column][\/et_pb_row][\/et_pb_section][et_pb_section fb_built=\u00bb1&#8243; disabled_on=\u00bboff|off|off\u00bb _builder_version=\u00bb4.21.0&#8243; _module_preset=\u00bbdefault\u00bb custom_padding=\u00bb21px||21px||true|\u00bb locked=\u00bboff\u00bb global_colors_info=\u00bb{}\u00bb][et_pb_row column_structure=\u00bb1_3,1_3,1_3&#8243; make_equal=\u00bbon\u00bb disabled_on=\u00bboff|off|off\u00bb _builder_version=\u00bb4.21.0&#8243; _module_preset=\u00bbdefault\u00bb custom_margin_tablet=\u00bb||||false|false\u00bb custom_margin_phone=\u00bb-5px|auto||auto|false|false\u00bb custom_margin_last_edited=\u00bbon|tablet\u00bb custom_padding=\u00bb0px||0px||true|\u00bb animation_style=\u00bbfade\u00bb overflow-y_last_edited=\u00bboff|desktop\u00bb global_colors_info=\u00bb{}\u00bb][et_pb_column type=\u00bb1_3&#8243; _builder_version=\u00bb4.21.0&#8243; _module_preset=\u00bbdefault\u00bb global_colors_info=\u00bb{}\u00bb][et_pb_blurb title=\u00bb30 de Junio\u00bb use_icon=\u00bbon\u00bb font_icon=\u00bb&#xe023;||divi||400&#8243; image_icon_width=\u00bb69px\u00bb _builder_version=\u00bb4.21.0&#8243; _module_preset=\u00bbdefault\u00bb header_text_align=\u00bbcenter\u00bb header_font_size=\u00bb24px\u00bb background_color=\u00bb#eaebef\u00bb min_height=\u00bb147.2px\u00bb custom_margin=\u00bb||||false|false\u00bb custom_padding=\u00bb21px||21px||true|\u00bb animation=\u00bbbottom\u00bb border_radii=\u00bbon|30px|30px|30px|30px\u00bb global_colors_info=\u00bb{}\u00bb][\/et_pb_blurb][\/et_pb_column][et_pb_column type=\u00bb1_3&#8243; _builder_version=\u00bb4.21.0&#8243; _module_preset=\u00bbdefault\u00bb global_colors_info=\u00bb{}\u00bb][et_pb_blurb title=\u00bb15:00 HS\u00bb use_icon=\u00bbon\u00bb font_icon=\u00bb&#xf017;||fa||400&#8243; image_icon_width=\u00bb69px\u00bb _builder_version=\u00bb4.21.0&#8243; _module_preset=\u00bbdefault\u00bb header_text_align=\u00bbcenter\u00bb header_font_size=\u00bb24px\u00bb background_color=\u00bb#eaebef\u00bb min_height=\u00bb147.2px\u00bb custom_margin=\u00bb||||false|false\u00bb custom_padding=\u00bb21px||21px||true|\u00bb animation=\u00bbbottom\u00bb border_radii=\u00bbon|30px|30px|30px|30px\u00bb global_colors_info=\u00bb{}\u00bb][\/et_pb_blurb][\/et_pb_column][et_pb_column type=\u00bb1_3&#8243; _builder_version=\u00bb4.21.0&#8243; _module_preset=\u00bbdefault\u00bb global_colors_info=\u00bb{}\u00bb][et_pb_blurb title=\u00bbModalidad Presencial\u00bb use_icon=\u00bbon\u00bb font_icon=\u00bb&#xe08a;||divi||400&#8243; image_icon_width=\u00bb69px\u00bb _builder_version=\u00bb4.21.0&#8243; _module_preset=\u00bbdefault\u00bb header_text_align=\u00bbcenter\u00bb header_font_size=\u00bb24px\u00bb background_color=\u00bb#eaebef\u00bb min_height=\u00bb147.2px\u00bb custom_margin=\u00bb||||false|false\u00bb custom_padding=\u00bb21px||21px||true|\u00bb animation=\u00bbbottom\u00bb border_radii=\u00bbon|30px|30px|30px|30px\u00bb global_colors_info=\u00bb{}\u00bb][\/et_pb_blurb][\/et_pb_column][\/et_pb_row][\/et_pb_section][et_pb_section fb_built=\u00bb1&#8243; admin_label=\u00bbobjetivo del curso\u00bb _builder_version=\u00bb4.21.0&#8243; _module_preset=\u00bbdefault\u00bb min_height=\u00bb186px\u00bb custom_padding=\u00bb30px||17px||false|\u00bb global_colors_info=\u00bb{}\u00bb][et_pb_row _builder_version=\u00bb4.21.0&#8243; _module_preset=\u00bbdefault\u00bb custom_margin=\u00bb-11px|auto|-7px|auto||\u00bb custom_padding=\u00bb24px||24px||true|\u00bb global_colors_info=\u00bb{}\u00bb][et_pb_column type=\u00bb4_4&#8243; _builder_version=\u00bb4.21.0&#8243; _module_preset=\u00bbdefault\u00bb global_colors_info=\u00bb{}\u00bb][et_pb_cta title=\u00bbObjetivos del curso\u00bb button_text=\u00bbClics\u00bb _builder_version=\u00bb4.21.0&#8243; _module_preset=\u00bbdefault\u00bb header_font=\u00bbLOTA GROTESQUE BOLD||||||||\u00bb header_text_align=\u00bbcenter\u00bb header_font_size=\u00bb37px\u00bb body_font=\u00bbLOTA GROTESQUE REGULAR||||||||\u00bb body_font_size=\u00bb18px\u00bb body_line_height=\u00bb1.4em\u00bb custom_padding=\u00bb31px||8px||false|\u00bb header_font_size_tablet=\u00bb37px\u00bb header_font_size_phone=\u00bb26px\u00bb header_font_size_last_edited=\u00bbon|desktop\u00bb body_font_size_tablet=\u00bb16px\u00bb body_font_size_phone=\u00bb14px\u00bb body_font_size_last_edited=\u00bbon|desktop\u00bb border_radii=\u00bbon|30px|30px|30px|30px\u00bb global_colors_info=\u00bb{}\u00bb]<\/p>\n<p>Al finalizar el taller, los participantes ser\u00e1n capaces de identificar y clasificar los costos fijos y variables de su emprendimiento, calcular el punto de equilibrio de su negocio, establecer un valor monetario para su hora de trabajo profesional, analizar y aplicar distintas estrategias para la fijaci\u00f3n de precios de productos y servicios, elaborar presupuestos claros y profesionales para presentar a clientes, y comprender los fundamentos de la negociaci\u00f3n de precios.<\/p>\n<p>[\/et_pb_cta][\/et_pb_column][\/et_pb_row][\/et_pb_section][et_pb_section fb_built=\u00bb1&#8243; admin_label=\u00bbtemario\u00bb _builder_version=\u00bb4.21.0&#8243; _module_preset=\u00bbdefault\u00bb custom_padding=\u00bb31px||31px||true|\u00bb global_colors_info=\u00bb{}\u00bb][et_pb_row _builder_version=\u00bb4.23.2&#8243; _module_preset=\u00bbdefault\u00bb custom_padding=\u00bb3px||3px||true|\u00bb global_colors_info=\u00bb{}\u00bb][et_pb_column type=\u00bb4_4&#8243; _builder_version=\u00bb4.23.2&#8243; _module_preset=\u00bbdefault\u00bb global_colors_info=\u00bb{}\u00bb][et_pb_text _builder_version=\u00bb4.21.0&#8243; _module_preset=\u00bbdefault\u00bb text_font=\u00bbLOTA GROTESQUE BOLD||||||||\u00bb text_text_color=\u00bb#3F4376&#8243; text_font_size=\u00bb37px\u00bb text_orientation=\u00bbcenter\u00bb custom_margin=\u00bb||9px|||\u00bb custom_padding=\u00bb||0px|||\u00bb text_font_size_tablet=\u00bb37px\u00bb text_font_size_phone=\u00bb26px\u00bb text_font_size_last_edited=\u00bbon|phone\u00bb global_colors_info=\u00bb{}\u00bb]<\/p>\n<p style=\"text-align: left;\">\u00bfQu\u00e9 vas a aprender?<\/p>\n<p>[\/et_pb_text][et_pb_accordion open_toggle_background_color=\u00bbRGBA(255,255,255,0)\u00bb closed_toggle_background_color=\u00bbRGBA(255,255,255,0)\u00bb toggle_icon=\u00bb&#xf063;||fa||900&#8243; icon_color=\u00bbgcid-c9ec881e-ca46-4387-bf7a-f2b34d8141ee\u00bb use_icon_font_size=\u00bbon\u00bb _builder_version=\u00bb4.21.0&#8243; _module_preset=\u00bbdefault\u00bb toggle_text_color=\u00bb#2B2C50&#8243; toggle_font=\u00bbSpace Grotesk|500|||||||\u00bb toggle_font_size=\u00bb36px\u00bb toggle_line_height=\u00bb1.4em\u00bb body_font_size=\u00bb15px\u00bb body_line_height=\u00bb1.8em\u00bb custom_margin=\u00bb-5px|||||\u00bb toggle_font_size_phone=\u00bb16px\u00bb body_font_size_tablet=\u00bb15px\u00bb body_font_size_phone=\u00bb\u00bb body_font_size_last_edited=\u00bbon|desktop\u00bb border_width_all=\u00bb0px\u00bb border_color_all=\u00bb#F7B033&#8243; border_width_bottom=\u00bb2px\u00bb locked=\u00bboff\u00bb global_colors_info=\u00bb{%22gcid-c9ec881e-ca46-4387-bf7a-f2b34d8141ee%22:%91%22icon_color%22%93}\u00bb][et_pb_accordion_item open=\u00bbon\u00bb open_toggle_text_color=\u00bb#585FA6&#8243; closed_toggle_text_color=\u00bb#3F4376&#8243; icon_color=\u00bb#258651&#8243; _builder_version=\u00bb4.21.0&#8243; _module_preset=\u00bbdefault\u00bb body_text_color=\u00bb#2B2C50&#8243; body_font_size=\u00bb18px\u00bb custom_padding=\u00bb|0px||0px|false|true\u00bb body_font_size_tablet=\u00bb16px\u00bb body_font_size_phone=\u00bb14px\u00bb body_font_size_last_edited=\u00bbon|phone\u00bb border_color_all=\u00bb#258651&#8243; global_colors_info=\u00bb{}\u00bb toggle_text_color=\u00bb#3F4376&#8243; toggle_font=\u00bbLOTA GROTESQUE SEMI BOLD|500|||||||\u00bb toggle_text_align=\u00bbleft\u00bb toggle_font_size=\u00bb25px\u00bb toggle_font_size_tablet=\u00bb20px\u00bb toggle_font_size_phone=\u00bb20px\u00bb toggle_font_size_last_edited=\u00bbon|desktop\u00bb]<\/p>\n<ul>\n<li style=\"text-align: left;\"><span style=\"font-weight: 400;\">Reglas de combinaci\u00f3n.<\/span><\/li>\n<li style=\"text-align: left;\"><span style=\"font-weight: 400;\">Errores comunes y c\u00f3mo evitarlos.<\/span><\/li>\n<li style=\"text-align: left;\"><span style=\"font-weight: 400;\">Demostraciones en vivo.<\/span><\/li>\n<li style=\"text-align: left;\"><span style=\"font-weight: 400;\">Selecci\u00f3n y combinaci\u00f3n.<\/span><\/li>\n<li style=\"text-align: left;\"><span style=\"font-weight: 400;\">Asesor\u00eda personalizada.<\/span><\/li>\n<li style=\"text-align: left;\"><span style=\"font-weight: 400;\">Presentaci\u00f3n final.<\/span><\/li>\n<\/ul>\n<p><span style=\"font-weight: 400;\"><\/span><\/p>\n<p>[\/et_pb_accordion_item][\/et_pb_accordion][\/et_pb_column][\/et_pb_row][\/et_pb_section][et_pb_section fb_built=\u00bb1&#8243; admin_label=\u00bba quien va dirigido\u00bb _builder_version=\u00bb4.21.0&#8243; _module_preset=\u00bbdefault\u00bb custom_padding=\u00bb15px||15px||true|\u00bb global_colors_info=\u00bb{}\u00bb][et_pb_row _builder_version=\u00bb4.21.0&#8243; _module_preset=\u00bbdefault\u00bb background_color=\u00bbRGBA(255,255,255,0)\u00bb custom_padding=\u00bb0px||0px||true|\u00bb global_colors_info=\u00bb{}\u00bb][et_pb_column type=\u00bb4_4&#8243; _builder_version=\u00bb4.21.0&#8243; _module_preset=\u00bbdefault\u00bb global_colors_info=\u00bb{}\u00bb][et_pb_cta title=\u00bb\u00bfA qui\u00e9n va dirigido?\u00bb _builder_version=\u00bb4.21.0&#8243; _module_preset=\u00bbdefault\u00bb header_font=\u00bbLOTA GROTESQUE BOLD||||||||\u00bb header_text_align=\u00bbleft\u00bb header_text_color=\u00bb#3F4376&#8243; header_font_size=\u00bb37px\u00bb body_font=\u00bbLOTA GROTESQUE REGULAR||||||||\u00bb body_text_color=\u00bb#2B2C50&#8243; body_font_size=\u00bb18px\u00bb body_line_height=\u00bb1.4em\u00bb background_color=\u00bb#eaebef\u00bb custom_padding=\u00bb43px|36px|0px|36px||true\u00bb header_font_size_tablet=\u00bb37px\u00bb header_font_size_phone=\u00bb26px\u00bb header_font_size_last_edited=\u00bbon|phone\u00bb body_font_size_tablet=\u00bb16px\u00bb body_font_size_phone=\u00bb14px\u00bb body_font_size_last_edited=\u00bbon|desktop\u00bb border_radii=\u00bbon|30px|30px|30px|30px\u00bb global_colors_info=\u00bb{}\u00bb]<\/p>\n<p style=\"text-align: left;\"><span style=\"font-weight: 400;\">El taller est\u00e1 dirigido a dise\u00f1adores, artistas, fot\u00f3grafos, comunicadores, programadores y cualquier profesional o emprendedor del sector creativo que busque mejorar la gesti\u00f3n financiera y la rentabilidad de su actividad profesional o de su negocio.<\/span><\/p>\n<p>[\/et_pb_cta][\/et_pb_column][\/et_pb_row][\/et_pb_section][et_pb_section fb_built=\u00bb1&#8243; admin_label=\u00bbbio disertante\u00bb _builder_version=\u00bb4.21.0&#8243; _module_preset=\u00bbdefault\u00bb custom_padding=\u00bb31px|||||\u00bb global_colors_info=\u00bb{}\u00bb][et_pb_row column_structure=\u00bb1_2,1_2&#8243; _builder_version=\u00bb4.21.0&#8243; _module_preset=\u00bbdefault\u00bb custom_padding=\u00bb0px||0px||true|\u00bb global_colors_info=\u00bb{}\u00bb][et_pb_column type=\u00bb1_2&#8243; _builder_version=\u00bb4.21.0&#8243; _module_preset=\u00bbdefault\u00bb global_colors_info=\u00bb{}\u00bb][et_pb_cta title=\u00bbUlises Davids- Claudia Ramirez\u00bb button_text=\u00bbClics\u00bb _builder_version=\u00bb4.21.0&#8243; _module_preset=\u00bbdefault\u00bb header_font=\u00bbLOTA GROTESQUE BOLD||||||||\u00bb header_text_align=\u00bbleft\u00bb header_font_size=\u00bb32px\u00bb header_line_height=\u00bb1.1em\u00bb body_font=\u00bbLOTA GROTESQUE REGULAR||||||||\u00bb body_text_align=\u00bbleft\u00bb body_font_size=\u00bb18px\u00bb body_line_height=\u00bb1.4em\u00bb background_color=\u00bb#585FA6&#8243; min_height=\u00bb431.7px\u00bb custom_padding=\u00bb31px||1px||false|\u00bb header_font_size_tablet=\u00bb37px\u00bb header_font_size_phone=\u00bb26px\u00bb header_font_size_last_edited=\u00bbon|phone\u00bb body_font_size_tablet=\u00bb16px\u00bb body_font_size_phone=\u00bb14px\u00bb body_font_size_last_edited=\u00bbon|desktop\u00bb border_radii=\u00bbon|30px|30px|30px|30px\u00bb global_colors_info=\u00bb{}\u00bb]<\/p>\n<p>Disertantes<\/p>\n<p><span style=\"font-weight: 400;\">La capacitaci\u00f3n estar\u00e1 a cargo de Ulises Davids y Claudia Ramirez, especialistas con amplia trayectoria en asesoramiento a empresas y emprendedores, pertenecientes al equipo t\u00e9cnico de la Agencia para el Desarrollo Econ\u00f3mico de Misiones (ADEMI).<\/span><\/p>\n<p>[\/et_pb_cta][\/et_pb_column][et_pb_column type=\u00bb1_2&#8243; _builder_version=\u00bb4.21.0&#8243; _module_preset=\u00bbdefault\u00bb global_colors_info=\u00bb{}\u00bb][et_pb_image src=\u00bbhttps:\/\/midi.ar\/wp-content\/uploads\/2025\/06\/disertantes_business-lab.png\u00bb title_text=\u00bbdisertantes_business lab\u00bb align_tablet=\u00bb\u00bb align_phone=\u00bb\u00bb align_last_edited=\u00bbon|desktop\u00bb _builder_version=\u00bb4.21.0&#8243; _module_preset=\u00bbdefault\u00bb transform_scale=\u00bb94%|94%\u00bb transform_translate=\u00bb8px|-51px\u00bb transform_translate_linked=\u00bboff\u00bb global_colors_info=\u00bb{}\u00bb][\/et_pb_image][\/et_pb_column][\/et_pb_row][\/et_pb_section][et_pb_section fb_built=\u00bb1&#8243; _builder_version=\u00bb4.21.0&#8243; _module_preset=\u00bbdefault\u00bb hover_enabled=\u00bb0&#8243; locked=\u00bboff\u00bb global_colors_info=\u00bb{}\u00bb sticky_enabled=\u00bb0&#8243;][et_pb_row _builder_version=\u00bb4.21.0&#8243; _module_preset=\u00bbdefault\u00bb custom_padding=\u00bb16px||1px||false|\u00bb hover_enabled=\u00bb0&#8243; border_radii=\u00bbon|30px|30px|30px|30px\u00bb global_colors_info=\u00bb{}\u00bb sticky_enabled=\u00bb0&#8243;][et_pb_column type=\u00bb4_4&#8243; _builder_version=\u00bb4.21.0&#8243; _module_preset=\u00bbdefault\u00bb global_colors_info=\u00bb{}\u00bb][et_pb_slider _builder_version=\u00bb4.21.0&#8243; _module_preset=\u00bbdefault\u00bb custom_button=\u00bbon\u00bb custom_margin=\u00bb-17px|||||\u00bb hover_enabled=\u00bb0&#8243; global_colors_info=\u00bb{}\u00bb sticky_enabled=\u00bb0&#8243;][et_pb_slide heading=\u00bbInscripci\u00f3n: Sin costo\u00bb button_text=\u00bb\u00a1Inscribirme ahora!\u00bb button_link=\u00bbhttps:\/\/docs.google.com\/forms\/d\/e\/1FAIpQLSfC1WM77X2SuJW2hGsJ8iMSL1Pu4Q_u27JPkDhe2dH0HbcCIg\/viewform\u00bb url_new_window=\u00bbon\u00bb _builder_version=\u00bb4.21.0&#8243; _module_preset=\u00bbdefault\u00bb header_font=\u00bb|600|||||||\u00bb header_font_size=\u00bb37px\u00bb background_image=\u00bbhttps:\/\/midi.ar\/wp-content\/uploads\/2024\/03\/1_2.png\u00bb background_enable_image=\u00bbon\u00bb custom_button=\u00bbon\u00bb button_text_color=\u00bb#2B2C50&#8243; button_bg_color=\u00bb#ffffff\u00bb button_border_color=\u00bb#ffffff\u00bb button_border_radius=\u00bb100px\u00bb hover_enabled=\u00bb0&#8243; header_font_size_tablet=\u00bb37px\u00bb header_font_size_phone=\u00bb26px\u00bb header_font_size_last_edited=\u00bbon|phone\u00bb global_colors_info=\u00bb{}\u00bb sticky_transition=\u00bbon\u00bb sticky_enabled=\u00bb0&#8243;]<\/p>\n<p>\u00a1Inscribite a este curso y expand\u00ed tus conocimientos en costos y precios para creativos!<\/p>\n<p>[\/et_pb_slide][\/et_pb_slider][\/et_pb_column][\/et_pb_row][\/et_pb_section]<\/p>\n","protected":false},"excerpt":{"rendered":"<p>Costos y Precios para Mentes CreativasEl taller \u00abCostos y Precios para Mentes Creativas\u00bb es una capacitaci\u00f3n intensiva dise\u00f1ada para proporcionar a emprendedores y profesionales de las industrias creativas las herramientas y metodolog\u00edas necesarias para una correcta gesti\u00f3n de costos y la formulaci\u00f3n de estrategias de precios efectivas. El objetivo es abordar uno de los desaf\u00edos [&hellip;]<\/p>\n","protected":false},"author":7,"featured_media":0,"parent":0,"menu_order":0,"comment_status":"closed","ping_status":"closed","template":"","meta":{"_et_pb_use_builder":"on","_et_pb_old_content":"","_et_gb_content_width":"","footnotes":""},"class_list":["post-2826","page","type-page","status-publish","hentry"],"_links":{"self":[{"href":"https:\/\/midi.ar\/index.php\/wp-json\/wp\/v2\/pages\/2826","targetHints":{"allow":["GET"]}}],"collection":[{"href":"https:\/\/midi.ar\/index.php\/wp-json\/wp\/v2\/pages"}],"about":[{"href":"https:\/\/midi.ar\/index.php\/wp-json\/wp\/v2\/types\/page"}],"author":[{"embeddable":true,"href":"https:\/\/midi.ar\/index.php\/wp-json\/wp\/v2\/users\/7"}],"replies":[{"embeddable":true,"href":"https:\/\/midi.ar\/index.php\/wp-json\/wp\/v2\/comments?post=2826"}],"version-history":[{"count":6,"href":"https:\/\/midi.ar\/index.php\/wp-json\/wp\/v2\/pages\/2826\/revisions"}],"predecessor-version":[{"id":2857,"href":"https:\/\/midi.ar\/index.php\/wp-json\/wp\/v2\/pages\/2826\/revisions\/2857"}],"wp:attachment":[{"href":"https:\/\/midi.ar\/index.php\/wp-json\/wp\/v2\/media?parent=2826"}],"curies":[{"name":"wp","href":"https:\/\/api.w.org\/{rel}","templated":true}]}}