{"id":28,"date":"2023-12-27T14:58:55","date_gmt":"2023-12-27T13:58:55","guid":{"rendered":"https:\/\/midi.ar\/?page_id=28"},"modified":"2026-02-06T08:47:18","modified_gmt":"2026-02-06T11:47:18","slug":"nosotros","status":"publish","type":"page","link":"https:\/\/midi.ar\/","title":{"rendered":"Inicio"},"content":{"rendered":"<p>[et_pb_section fb_built=\u00bb1&#8243; _builder_version=\u00bb4.21.0&#8243; _module_preset=\u00bbdefault\u00bb background_color=\u00bb#2B2C50&#8243; min_height=\u00bb829.8px\u00bb custom_padding=\u00bb46px||0px|0px|false|false\u00bb global_colors_info=\u00bb{}\u00bb][et_pb_row _builder_version=\u00bb4.21.0&#8243; _module_preset=\u00bbdefault\u00bb global_colors_info=\u00bb{}\u00bb][et_pb_column type=\u00bb4_4&#8243; _builder_version=\u00bb4.21.0&#8243; _module_preset=\u00bbdefault\u00bb global_colors_info=\u00bb{}\u00bb][et_pb_image src=\u00bbhttps:\/\/midi.ar\/wp-content\/uploads\/2024\/06\/Recurso-3.png\u00bb title_text=\u00bbRecurso 3&#8243; _builder_version=\u00bb4.21.0&#8243; _module_preset=\u00bbdefault\u00bb width=\u00bb90%\u00bb global_colors_info=\u00bb{}\u00bb][\/et_pb_image][\/et_pb_column][\/et_pb_row][et_pb_row column_structure=\u00bb1_2,1_2&#8243; _builder_version=\u00bb4.21.0&#8243; _module_preset=\u00bbdefault\u00bb custom_padding=\u00bb55px|||||\u00bb global_colors_info=\u00bb{}\u00bb][et_pb_column type=\u00bb1_2&#8243; _builder_version=\u00bb4.21.0&#8243; _module_preset=\u00bbdefault\u00bb global_colors_info=\u00bb{}\u00bb][et_pb_button button_url=\u00bbhttps:\/\/midi.ar\/index.php\/cursos\/\u00bb button_text=\u00bbInscripciones a cursos\u00bb button_alignment=\u00bbcenter\u00bb _builder_version=\u00bb4.21.0&#8243; _module_preset=\u00bbdefault\u00bb custom_button=\u00bbon\u00bb button_text_size=\u00bb30px\u00bb button_text_color=\u00bbgcid-610d28dd-eb23-4fae-b502-62f0b357c8fd\u00bb button_border_width=\u00bb4px\u00bb button_border_radius=\u00bb100px\u00bb button_use_icon=\u00bboff\u00bb transform_scale=\u00bb86%|86%\u00bb transform_translate=\u00bb-23px|0px\u00bb transform_translate_linked=\u00bboff\u00bb custom_padding=\u00bb|80px||80px|false|true\u00bb button_text_size_tablet=\u00bb30px\u00bb button_text_size_phone=\u00bb20px\u00bb button_text_size_last_edited=\u00bbon|phone\u00bb global_colors_info=\u00bb{%22gcid-610d28dd-eb23-4fae-b502-62f0b357c8fd%22:%91%22button_text_color%22%93}\u00bb][\/et_pb_button][\/et_pb_column][et_pb_column type=\u00bb1_2&#8243; _builder_version=\u00bb4.21.0&#8243; _module_preset=\u00bbdefault\u00bb global_colors_info=\u00bb{}\u00bb][et_pb_button button_url=\u00bbhttps:\/\/midi.ar\/index.php\/coworking\/\u00bb button_text=\u00bbReserva de Coworking\u00bb button_alignment=\u00bbcenter\u00bb _builder_version=\u00bb4.21.0&#8243; _module_preset=\u00bbdefault\u00bb custom_button=\u00bbon\u00bb button_text_size=\u00bb30px\u00bb button_text_color=\u00bbgcid-610d28dd-eb23-4fae-b502-62f0b357c8fd\u00bb button_border_width=\u00bb4px\u00bb button_border_radius=\u00bb100px\u00bb button_use_icon=\u00bboff\u00bb transform_scale=\u00bb92%|94%\u00bb transform_scale_linked=\u00bboff\u00bb transform_translate=\u00bb-23px|-2px\u00bb transform_translate_linked=\u00bboff\u00bb custom_margin=\u00bb||||false|false\u00bb custom_padding=\u00bb|80px||80px|false|false\u00bb hover_enabled=\u00bb0&#8243; button_text_size_tablet=\u00bb30px\u00bb button_text_size_phone=\u00bb20px\u00bb button_text_size_last_edited=\u00bbon|phone\u00bb global_colors_info=\u00bb{%22gcid-610d28dd-eb23-4fae-b502-62f0b357c8fd%22:%91%22button_text_color%22%93}\u00bb sticky_enabled=\u00bb0&#8243;][\/et_pb_button][\/et_pb_column][\/et_pb_row][\/et_pb_section][et_pb_section fb_built=\u00bb1&#8243; inner_shadow=\u00bbon\u00bb _builder_version=\u00bb4.21.0&#8243; _module_preset=\u00bbdefault\u00bb background_color=\u00bb#000000&#8243; background_image=\u00bbhttps:\/\/midi.ar\/wp-content\/uploads\/2024\/06\/foto-home.png\u00bb background_blend=\u00bbluminosity\u00bb custom_margin=\u00bb0px||||false|false\u00bb custom_padding=\u00bb72px||36px|||\u00bb global_colors_info=\u00bb{}\u00bb][et_pb_row _builder_version=\u00bb4.21.0&#8243; _module_preset=\u00bbdefault\u00bb custom_padding=\u00bb0px||0px||true|\u00bb global_colors_info=\u00bb{}\u00bb][et_pb_column type=\u00bb4_4&#8243; _builder_version=\u00bb4.21.0&#8243; _module_preset=\u00bbdefault\u00bb global_colors_info=\u00bb{}\u00bb][et_pb_slider _builder_version=\u00bb4.21.0&#8243; _module_preset=\u00bbdefault\u00bb body_font_size=\u00bb18px\u00bb custom_button=\u00bbon\u00bb button_use_icon=\u00bboff\u00bb custom_padding=\u00bb225px|0px|225px|0px|true|true\u00bb header_text_shadow_style=\u00bbpreset1&#8243; global_colors_info=\u00bb{}\u00bb][et_pb_slide heading=\u00bbSomos el Parque de las Industrias Creativas de Misiones\u00bb button_text=\u00bbLeer m\u00e1s\u00bb button_link=\u00bbhttps:\/\/midi.ar\/index.php\/nosotros-2\/\u00bb _builder_version=\u00bb4.21.0&#8243; _module_preset=\u00bbdefault\u00bb header_font=\u00bbLOTA GROTESQUE BOLD||||||||\u00bb header_font_size=\u00bb50px\u00bb body_font_size=\u00bb18px\u00bb body_line_height=\u00bb1.2em\u00bb background_color=\u00bbRGBA(255,255,255,0)\u00bb background_enable_color=\u00bbon\u00bb custom_button=\u00bbon\u00bb button_border_radius=\u00bb100px\u00bb header_font_size_tablet=\u00bb37px\u00bb header_font_size_phone=\u00bb29px\u00bb header_font_size_last_edited=\u00bbon|phone\u00bb body_font_size_tablet=\u00bb16px\u00bb body_font_size_phone=\u00bb14px\u00bb body_font_size_last_edited=\u00bbon|phone\u00bb global_colors_info=\u00bb{}\u00bb sticky_transition=\u00bbon\u00bb]<\/p>\n<p><span>Descubre un mundo de creatividad e innovaci\u00f3n con un enfoque integral desde capacitaciones hasta espacios de coworking. Un epicentro impulsado por la provincia de Misiones, donde dise\u00f1adores encuentran las herramientas y la inspiraci\u00f3n para potenciar sus habilidades. Sum\u00e9rgete en un universo de posibilidades, donde el dise\u00f1o se fusiona con la visi\u00f3n de un futuro creativo y colaborativo.<\/span><\/p>\n<p>[\/et_pb_slide][\/et_pb_slider][\/et_pb_column][\/et_pb_row][\/et_pb_section][et_pb_section fb_built=\u00bb1&#8243; _builder_version=\u00bb4.21.0&#8243; _module_preset=\u00bbdefault\u00bb global_colors_info=\u00bb{}\u00bb][et_pb_row _builder_version=\u00bb4.21.0&#8243; _module_preset=\u00bbdefault\u00bb global_colors_info=\u00bb{}\u00bb][et_pb_column type=\u00bb4_4&#8243; _builder_version=\u00bb4.21.0&#8243; _module_preset=\u00bbdefault\u00bb global_colors_info=\u00bb{}\u00bb][et_pb_video src=\u00bbhttps:\/\/midi.ar\/wp-content\/uploads\/2026\/01\/SPOT-MIDI-WIDE-SUBTITULADO.mp4&#8243; _builder_version=\u00bb4.21.0&#8243; _module_preset=\u00bbdefault\u00bb global_colors_info=\u00bb{}\u00bb][\/et_pb_video][\/et_pb_column][\/et_pb_row][\/et_pb_section][et_pb_section fb_built=\u00bb1&#8243; disabled_on=\u00bboff|off|off\u00bb admin_label=\u00bbNuestros Labs\u00bb _builder_version=\u00bb4.21.0&#8243; _module_preset=\u00bbdefault\u00bb background_color=\u00bb#eaebef\u00bb background_enable_image=\u00bboff\u00bb custom_padding=\u00bb25px||54px|||\u00bb global_colors_info=\u00bb{}\u00bb][et_pb_row _builder_version=\u00bb4.21.0&#8243; _module_preset=\u00bbdefault\u00bb custom_padding=\u00bb||6px|||\u00bb global_colors_info=\u00bb{}\u00bb][et_pb_column type=\u00bb4_4&#8243; _builder_version=\u00bb4.21.0&#8243; _module_preset=\u00bbdefault\u00bb global_colors_info=\u00bb{}\u00bb][et_pb_text _builder_version=\u00bb4.21.0&#8243; _module_preset=\u00bbdefault\u00bb text_font=\u00bbLOTA GROTESQUE BOLD|700|||||||\u00bb text_text_color=\u00bb#3F4376&#8243; text_font_size=\u00bb37px\u00bb text_orientation=\u00bbcenter\u00bb custom_padding=\u00bb||0px|||\u00bb text_font_size_tablet=\u00bb40px\u00bb text_font_size_phone=\u00bb26px\u00bb text_font_size_last_edited=\u00bbon|desktop\u00bb global_colors_info=\u00bb{}\u00bb]<\/p>\n<p>Nuestros Labs<\/p>\n<p>[\/et_pb_text][\/et_pb_column][\/et_pb_row][et_pb_row column_structure=\u00bb1_4,1_4,1_4,1_4&#8243; _builder_version=\u00bb4.21.0&#8243; _module_preset=\u00bbdefault\u00bb custom_padding=\u00bb|||0px||\u00bb global_colors_info=\u00bb{}\u00bb][et_pb_column type=\u00bb1_4&#8243; _builder_version=\u00bb4.21.0&#8243; _module_preset=\u00bbdefault\u00bb global_colors_info=\u00bb{}\u00bb][et_pb_blurb image=\u00bbhttps:\/\/midi.ar\/wp-content\/uploads\/2024\/01\/logo-audio-lab.png\u00bb image_icon_width=\u00bb94%\u00bb _builder_version=\u00bb4.21.0&#8243; _module_preset=\u00bbdefault\u00bb body_text_align=\u00bbcenter\u00bb background_color=\u00bb#e2e3e8&#8243; text_orientation=\u00bbcenter\u00bb height=\u00bb250px\u00bb height_last_edited=\u00bboff|phone\u00bb custom_margin=\u00bb|0px||0px|true|false\u00bb custom_padding=\u00bb15px|15px|15px|15px|true|true\u00bb body_font_size_tablet=\u00bb24px\u00bb body_font_size_phone=\u00bb24px\u00bb body_font_size_last_edited=\u00bbon|tablet\u00bb border_radii=\u00bbon|30px|30px|30px|30px\u00bb global_colors_info=\u00bb{}\u00bb]<\/p>\n<p style=\"text-align: center;\"><span style=\"font-weight: 400;\">Explora las claves pr\u00e1cticas de la mezcla y conservaci\u00f3n de sonido.<\/span><\/p>\n<p>[\/et_pb_blurb][et_pb_blurb image=\u00bbhttps:\/\/midi.ar\/wp-content\/uploads\/2024\/01\/logo-foto-lab-2.png\u00bb image_icon_width=\u00bb94%\u00bb _builder_version=\u00bb4.21.0&#8243; _module_preset=\u00bbdefault\u00bb background_color=\u00bb#e2e3e8&#8243; height=\u00bb250px\u00bb custom_margin=\u00bb|0px||0px|true|false\u00bb custom_padding=\u00bb15px|15px|15px|15px|true|true\u00bb body_font_size_phone=\u00bb18px\u00bb border_radii=\u00bbon|30px|30px|30px|30px\u00bb global_colors_info=\u00bb{}\u00bb]<\/p>\n<div class=\"et_pb_blurb_content\">\n<div class=\"et_pb_blurb_container\">\n<div class=\"et_pb_blurb_description\">\n<div data-shortcode-id=\"3.1.1.0-1717513736369\" data-quickaccess-id=\"body\" data-quickaccess-editable=\"yes\" class=\"et-fb-popover-tinymce\">\n<div class=\"mce-content-body\" contenteditable=\"true\" style=\"position: relative;\" data-lt-tmp-id=\"lt-112357\" spellcheck=\"false\" data-gramm=\"false\">\n<div class=\"et_pb_blurb_content\">\n<div class=\"et_pb_blurb_container\">\n<div class=\"et_pb_blurb_description\">\n<div data-shortcode-id=\"3.3.1.0-1717514080708\" data-quickaccess-id=\"body\" data-quickaccess-editable=\"yes\" class=\"et-fb-popover-tinymce\">\n<div class=\"mce-content-body\" contenteditable=\"true\" style=\"position: relative;\" data-lt-tmp-id=\"lt-482480\" spellcheck=\"false\" data-gramm=\"false\">\n<p style=\"text-align: center;\"><span>Instalaciones equipadas para fot\u00f3grafos entusiastas y profesionales.<\/span><\/p>\n<\/div>\n<\/div>\n<\/div>\n<\/div>\n<\/div>\n<\/div>\n<\/div>\n<\/div>\n<\/div>\n<\/div>\n<p>[\/et_pb_blurb][\/et_pb_column][et_pb_column type=\u00bb1_4&#8243; _builder_version=\u00bb4.21.0&#8243; _module_preset=\u00bbdefault\u00bb global_colors_info=\u00bb{}\u00bb][et_pb_blurb image=\u00bbhttps:\/\/midi.ar\/wp-content\/uploads\/2024\/12\/Media-Lab.png\u00bb image_icon_width=\u00bb98%\u00bb image_icon_width_tablet=\u00bb72%\u00bb image_icon_width_phone=\u00bb72%\u00bb image_icon_width_last_edited=\u00bbon|tablet\u00bb _builder_version=\u00bb4.21.0&#8243; _module_preset=\u00bbdefault\u00bb body_text_align=\u00bbcenter\u00bb background_color=\u00bb#e2e3e8&#8243; image_icon_custom_padding=\u00bb12px|18px||18px|false|true\u00bb height=\u00bb250px\u00bb custom_margin=\u00bb|0px||0px|true|false\u00bb custom_padding=\u00bb15px|15px|15px|15px|true|true\u00bb body_font_size_phone=\u00bb18px\u00bb border_radii=\u00bbon|30px|30px|30px|30px\u00bb global_colors_info=\u00bb{}\u00bb]<\/p>\n<div class=\"et_pb_blurb_content\">\n<div class=\"et_pb_blurb_container\">\n<div class=\"et_pb_blurb_description\">\n<div data-shortcode-id=\"3.1.1.0-1717513736369\" data-quickaccess-id=\"body\" data-quickaccess-editable=\"yes\" class=\"et-fb-popover-tinymce\">\n<div class=\"mce-content-body\" contenteditable=\"true\" style=\"position: relative;\" data-lt-tmp-id=\"lt-112357\" spellcheck=\"false\" data-gramm=\"false\">\n<p style=\"text-align: center;\"><span>Dise\u00f1ado para descubrir nuevas formas de interacci\u00f3n en medios digitales y convencionales<\/span><\/p>\n<\/div>\n<\/div>\n<\/div>\n<\/div>\n<\/div>\n<p>[\/et_pb_blurb][et_pb_blurb image=\u00bbhttps:\/\/midi.ar\/wp-content\/uploads\/2024\/01\/logo-fab-lab.png\u00bb image_icon_width=\u00bb91%\u00bb image_tablet=\u00bbhttps:\/\/midi.ar\/wp-content\/uploads\/2024\/01\/logo-fab-lab.png\u00bb image_phone=\u00bbhttps:\/\/midi.ar\/wp-content\/uploads\/2024\/01\/logo-fab-lab.png\u00bb image_last_edited=\u00bbon|desktop\u00bb _builder_version=\u00bb4.21.0&#8243; _module_preset=\u00bbdefault\u00bb background_color=\u00bb#e2e3e8&#8243; height=\u00bb250px\u00bb custom_margin=\u00bb|0px|||true|false\u00bb custom_padding=\u00bb18px|15px|18px|15px|true|true\u00bb body_font_size_phone=\u00bb18px\u00bb border_radii=\u00bbon|30px|30px|30px|30px\u00bb global_colors_info=\u00bb{}\u00bb]<\/p>\n<div class=\"et_pb_blurb_content\">\n<div class=\"et_pb_blurb_container\">\n<div class=\"et_pb_blurb_description\">\n<div data-shortcode-id=\"3.1.1.0-1717513736369\" data-quickaccess-id=\"body\" data-quickaccess-editable=\"yes\" class=\"et-fb-popover-tinymce\">\n<div class=\"mce-content-body\" contenteditable=\"true\" style=\"position: relative;\" data-lt-tmp-id=\"lt-112357\" spellcheck=\"false\" data-gramm=\"false\">\n<p style=\"text-align: center;\"><span>Un taller exclusivo para la fabricaci\u00f3n digital y el dise\u00f1o 3D.<\/span><\/p>\n<\/div>\n<\/div>\n<\/div>\n<\/div>\n<\/div>\n<p>[\/et_pb_blurb][\/et_pb_column][et_pb_column type=\u00bb1_4&#8243; _builder_version=\u00bb4.21.0&#8243; _module_preset=\u00bbdefault\u00bb global_colors_info=\u00bb{}\u00bb][et_pb_blurb url=\u00bbhttps:\/\/midi.ar\/index.php\/landing-xrlab\/\u00bb image=\u00bbhttps:\/\/midi.ar\/wp-content\/uploads\/2024\/01\/logo-xr-lab.png\u00bb image_icon_width=\u00bb88%\u00bb _builder_version=\u00bb4.21.0&#8243; _module_preset=\u00bbdefault\u00bb background_color=\u00bb#e2e3e8&#8243; height=\u00bb250px\u00bb custom_margin=\u00bb|0px||0px|true|false\u00bb custom_padding=\u00bb15px|15px|15px|15px|true|true\u00bb body_font_size_phone=\u00bb18px\u00bb border_radii=\u00bbon|30px|30px|30px|30px\u00bb global_colors_info=\u00bb{}\u00bb]<\/p>\n<div class=\"et_pb_blurb_content\">\n<div class=\"et_pb_blurb_container\">\n<div class=\"et_pb_blurb_description\">\n<div data-shortcode-id=\"3.1.1.0-1717513736369\" data-quickaccess-id=\"body\" data-quickaccess-editable=\"yes\" class=\"et-fb-popover-tinymce\">\n<div class=\"mce-content-body\" contenteditable=\"true\" style=\"position: relative;\" spellcheck=\"false\" data-gramm=\"false\" data-lt-tmp-id=\"lt-27188\">\n<p style=\"text-align: center;\"><span>Un lugar donde crear proyectos, aplicando las nuevas tecnolog\u00edas XR.<\/span><\/p>\n<\/div>\n<\/div>\n<\/div>\n<\/div>\n<\/div>\n<p>[\/et_pb_blurb][et_pb_blurb image=\u00bbhttps:\/\/midi.ar\/wp-content\/uploads\/2024\/12\/Prop-Intelectual.png\u00bb image_icon_width=\u00bb98%\u00bb image_icon_width_tablet=\u00bb73%\u00bb image_icon_width_phone=\u00bb73%\u00bb image_icon_width_last_edited=\u00bbon|tablet\u00bb _builder_version=\u00bb4.21.0&#8243; _module_preset=\u00bbdefault\u00bb background_color=\u00bb#e2e3e8&#8243; image_icon_custom_padding=\u00bb12px|18px||18px|false|true\u00bb height=\u00bb250px\u00bb custom_margin=\u00bb|0px|||true|false\u00bb custom_padding=\u00bb0px|15px|0px|15px|true|true\u00bb body_font_size_tablet=\u00bb\u00bb body_font_size_phone=\u00bb18px\u00bb body_font_size_last_edited=\u00bbon|phone\u00bb border_radii=\u00bbon|30px|30px|30px|30px\u00bb global_colors_info=\u00bb{}\u00bb]<\/p>\n<div class=\"et_pb_blurb_content\">\n<div class=\"et_pb_blurb_container\">\n<div class=\"et_pb_blurb_description\">\n<div data-shortcode-id=\"3.1.1.0-1717513736369\" data-quickaccess-id=\"body\" data-quickaccess-editable=\"yes\" class=\"et-fb-popover-tinymce\">\n<div class=\"mce-content-body\" contenteditable=\"true\" style=\"position: relative;\" data-lt-tmp-id=\"lt-112357\" spellcheck=\"false\" data-gramm=\"false\">\n<p style=\"text-align: center;\"><span>Un \u00e1rea de asesoramiento legal para creadores de contenido y dise\u00f1adores.<\/span><\/p>\n<\/div>\n<\/div>\n<\/div>\n<\/div>\n<\/div>\n<p>[\/et_pb_blurb][\/et_pb_column][et_pb_column type=\u00bb1_4&#8243; _builder_version=\u00bb4.21.0&#8243; _module_preset=\u00bbdefault\u00bb global_colors_info=\u00bb{}\u00bb][et_pb_blurb image=\u00bbhttps:\/\/midi.ar\/wp-content\/uploads\/2024\/01\/logo-business-lab.png\u00bb _builder_version=\u00bb4.21.0&#8243; _module_preset=\u00bbdefault\u00bb background_color=\u00bb#e2e3e8&#8243; height=\u00bb250px\u00bb custom_margin=\u00bb|0px|||true|false\u00bb custom_padding=\u00bb18px|15px|18px|15px|true|true\u00bb body_font_size_phone=\u00bb18px\u00bb border_radii=\u00bbon|30px|30px|30px|30px\u00bb global_colors_info=\u00bb{}\u00bb]<\/p>\n<p style=\"text-align: center;\"><span>Un espacio creado para potenciar proyectos de empresas\/emprendedores.<\/span><\/p>\n<p>[\/et_pb_blurb][et_pb_blurb image=\u00bbhttps:\/\/midi.ar\/wp-content\/uploads\/2024\/01\/logo-fashion-lab.png\u00bb _builder_version=\u00bb4.21.0&#8243; _module_preset=\u00bbdefault\u00bb background_color=\u00bb#e2e3e8&#8243; height=\u00bb250px\u00bb custom_margin=\u00bb|0px|||true|false\u00bb custom_padding=\u00bb18px|15px|18px|15px|true|true\u00bb body_font_size_phone=\u00bb18px\u00bb border_radii=\u00bbon|30px|30px|30px|30px\u00bb global_colors_info=\u00bb{}\u00bb]<\/p>\n<div class=\"et_pb_blurb_content\">\n<div class=\"et_pb_blurb_container\">\n<div class=\"et_pb_blurb_description\">\n<div data-shortcode-id=\"3.1.1.0-1717513736369\" data-quickaccess-id=\"body\" data-quickaccess-editable=\"yes\" class=\"et-fb-popover-tinymce\">\n<div class=\"mce-content-body\" contenteditable=\"true\" style=\"position: relative;\" data-lt-tmp-id=\"lt-112357\" spellcheck=\"false\" data-gramm=\"false\">\n<p style=\"text-align: center;\"><span>Un espacio totalmente equipado para dise\u00f1adores textiles.<\/span><\/p>\n<\/div>\n<\/div>\n<\/div>\n<\/div>\n<\/div>\n<p>[\/et_pb_blurb][\/et_pb_column][\/et_pb_row][\/et_pb_section]<\/p>\n","protected":false},"excerpt":{"rendered":"<p>Descubre un mundo de creatividad e innovaci\u00f3n con un enfoque integral desde capacitaciones hasta espacios de coworking. Un epicentro impulsado por la provincia de Misiones, donde dise\u00f1adores encuentran las herramientas y la inspiraci\u00f3n para potenciar sus habilidades. Sum\u00e9rgete en un universo de posibilidades, donde el dise\u00f1o se fusiona con la visi\u00f3n de un futuro creativo [&hellip;]<\/p>\n","protected":false},"author":2,"featured_media":0,"parent":0,"menu_order":0,"comment_status":"closed","ping_status":"closed","template":"","meta":{"_et_pb_use_builder":"on","_et_pb_old_content":"","_et_gb_content_width":"","footnotes":""},"class_list":["post-28","page","type-page","status-publish","hentry"],"_links":{"self":[{"href":"https:\/\/midi.ar\/index.php\/wp-json\/wp\/v2\/pages\/28","targetHints":{"allow":["GET"]}}],"collection":[{"href":"https:\/\/midi.ar\/index.php\/wp-json\/wp\/v2\/pages"}],"about":[{"href":"https:\/\/midi.ar\/index.php\/wp-json\/wp\/v2\/types\/page"}],"author":[{"embeddable":true,"href":"https:\/\/midi.ar\/index.php\/wp-json\/wp\/v2\/users\/2"}],"replies":[{"embeddable":true,"href":"https:\/\/midi.ar\/index.php\/wp-json\/wp\/v2\/comments?post=28"}],"version-history":[{"count":207,"href":"https:\/\/midi.ar\/index.php\/wp-json\/wp\/v2\/pages\/28\/revisions"}],"predecessor-version":[{"id":3431,"href":"https:\/\/midi.ar\/index.php\/wp-json\/wp\/v2\/pages\/28\/revisions\/3431"}],"wp:attachment":[{"href":"https:\/\/midi.ar\/index.php\/wp-json\/wp\/v2\/media?parent=28"}],"curies":[{"name":"wp","href":"https:\/\/api.w.org\/{rel}","templated":true}]}}