{"id":2353,"date":"2025-03-10T13:07:48","date_gmt":"2025-03-10T16:07:48","guid":{"rendered":"https:\/\/midi.ar\/?page_id=2353"},"modified":"2025-03-17T07:50:28","modified_gmt":"2025-03-17T10:50:28","slug":"fab-lab-curso-aprende-y-emprende-con-impresion-3d","status":"publish","type":"page","link":"https:\/\/midi.ar\/index.php\/fab-lab-curso-aprende-y-emprende-con-impresion-3d\/","title":{"rendered":"Fab Lab | Curso Aprende y Emprende con impresi\u00f3n 3D"},"content":{"rendered":"<p>[et_pb_section fb_built=\u00bb1&#8243; inner_shadow=\u00bbon\u00bb specialty=\u00bbon\u00bb use_background_color_gradient_1=\u00bboff\u00bb use_background_color_gradient_2=\u00bboff\u00bb _builder_version=\u00bb4.21.0&#8243; _module_preset=\u00bbdefault\u00bb background_image=\u00bbhttps:\/\/midi.ar\/wp-content\/uploads\/2024\/05\/7.png\u00bb background_position=\u00bbtop_right\u00bb background_blend=\u00bbdarken\u00bb positioning=\u00bbnone\u00bb position_origin_f=\u00bbbottom_left\u00bb z_index=\u00bb0&#8243; overflow-y=\u00bbvisible\u00bb filter_contrast=\u00bb92%\u00bb hover_transition_speed_curve=\u00bbease-in-out\u00bb sticky_position=\u00bbtop\u00bb sticky_offset_surrounding=\u00bboff\u00bb sticky_transition=\u00bboff\u00bb locked=\u00bboff\u00bb global_colors_info=\u00bb{}\u00bb background__hover_enabled=\u00bbon|desktop\u00bb][et_pb_column type=\u00bb1_2&#8243; specialty_columns=\u00bb2&#8243; _builder_version=\u00bb4.16&#8243; custom_padding=\u00bb|||\u00bb global_colors_info=\u00bb{}\u00bb custom_padding__hover=\u00bb|||\u00bb][et_pb_row_inner _builder_version=\u00bb4.21.0&#8243; _module_preset=\u00bbdefault\u00bb global_colors_info=\u00bb{}\u00bb][et_pb_column_inner saved_specialty_column_type=\u00bb1_2&#8243; _builder_version=\u00bb4.21.0&#8243; _module_preset=\u00bbdefault\u00bb global_colors_info=\u00bb{}\u00bb][et_pb_text _builder_version=\u00bb4.21.0&#8243; _module_preset=\u00bbdefault\u00bb text_font=\u00bbLOTA GROTESQUE BOLD||||||||\u00bb text_font_size=\u00bb46px\u00bb text_line_height=\u00bb1.1em\u00bb width=\u00bb122.5%\u00bb custom_margin=\u00bb9px|-22px|||false|false\u00bb custom_margin_tablet=\u00bb10px||||false|false\u00bb custom_margin_phone=\u00bb11px||||false|false\u00bb custom_margin_last_edited=\u00bbon|desktop\u00bb text_font_size_tablet=\u00bb28px\u00bb text_font_size_phone=\u00bb26px\u00bb text_font_size_last_edited=\u00bbon|phone\u00bb text_text_shadow_style=\u00bbpreset3&#8243; global_colors_info=\u00bb{}\u00bb]<\/p>\n<p><span style=\"color: #ffffff;\">Curso Aprende y Emprende con Impresi\u00f3n 3D<\/span><\/p>\n<p>[\/et_pb_text][\/et_pb_column_inner][\/et_pb_row_inner][\/et_pb_column][et_pb_column type=\u00bb1_2&#8243; _builder_version=\u00bb4.16&#8243; custom_padding=\u00bb|||\u00bb global_colors_info=\u00bb{}\u00bb custom_padding__hover=\u00bb|||\u00bb][et_pb_button url_new_window=\u00bbon\u00bb button_text=\u00bbInscripciones Cerradas\u00bb button_alignment=\u00bbright\u00bb button_alignment_tablet=\u00bbleft\u00bb button_alignment_phone=\u00bbleft\u00bb button_alignment_last_edited=\u00bbon|desktop\u00bb _builder_version=\u00bb4.21.0&#8243; _module_preset=\u00bbdefault\u00bb custom_button=\u00bbon\u00bb button_text_size=\u00bb24px\u00bb button_text_color=\u00bb#ffffff\u00bb button_bg_color=\u00bb#ED7A00&#8243; button_border_width=\u00bb7px\u00bb button_border_color=\u00bb#ED7A00&#8243; button_border_radius=\u00bb100px\u00bb button_font=\u00bbLOTA GROTESQUE REGULAR||||||||\u00bb button_use_icon=\u00bboff\u00bb button_rel=\u00bboff|off|off|off|off\u00bb background_layout=\u00bbdark\u00bb custom_margin=\u00bb24px||||false|false\u00bb custom_margin_tablet=\u00bb-36px||19px||false|false\u00bb custom_margin_phone=\u00bb-36px||||false|false\u00bb custom_margin_last_edited=\u00bbon|phone\u00bb animation_style=\u00bbbounce\u00bb button_text_size_tablet=\u00bb16px\u00bb button_text_size_phone=\u00bb13px\u00bb button_text_size_last_edited=\u00bbon|tablet\u00bb locked=\u00bboff\u00bb global_colors_info=\u00bb{}\u00bb custom_margin__hover_enabled=\u00bboff|hover\u00bb][\/et_pb_button][\/et_pb_column][\/et_pb_section][et_pb_section fb_built=\u00bb1&#8243; admin_label=\u00bbInfo sobre el curso\u00bb _builder_version=\u00bb4.21.0&#8243; _module_preset=\u00bbdefault\u00bb custom_padding=\u00bb||0px|||\u00bb locked=\u00bboff\u00bb collapsed=\u00bbon\u00bb global_colors_info=\u00bb{}\u00bb][et_pb_row column_structure=\u00bb1_2,1_2&#8243; _builder_version=\u00bb4.21.0&#8243; _module_preset=\u00bbdefault\u00bb custom_padding=\u00bb||16px|||\u00bb global_colors_info=\u00bb{}\u00bb][et_pb_column type=\u00bb1_2&#8243; _builder_version=\u00bb4.21.0&#8243; _module_preset=\u00bbdefault\u00bb background_color=\u00bb#eaebef\u00bb border_radii=\u00bbon|30px|30px|30px|30px\u00bb global_colors_info=\u00bb{}\u00bb][et_pb_blurb title=\u00bb\u00a1Impresi\u00f3n 3D desde cero!\u00bb title_last_edited=\u00bboff|desktop\u00bb _builder_version=\u00bb4.21.0&#8243; _module_preset=\u00bbdefault\u00bb header_font=\u00bbLOTA GROTESQUE BOLD||||||||\u00bb header_font_size=\u00bb37px\u00bb body_text_color=\u00bb#2B2C50&#8243; body_font_size=\u00bb18px\u00bb body_line_height=\u00bb1.4em\u00bb min_height=\u00bb198.5px\u00bb custom_margin=\u00bb37px||37px||true|false\u00bb custom_margin_last_edited=\u00bboff|desktop\u00bb custom_padding=\u00bb|33px|0px|33px||true\u00bb header_font_size_tablet=\u00bb37px\u00bb header_font_size_phone=\u00bb26px\u00bb header_font_size_last_edited=\u00bbon|desktop\u00bb body_font_size_tablet=\u00bb16px\u00bb body_font_size_phone=\u00bb14px\u00bb body_font_size_last_edited=\u00bbon|desktop\u00bb global_colors_info=\u00bb{}\u00bb]<\/p>\n<p>El curso de impresi\u00f3n 3D de Misiones Dise\u00f1a es una oportunidad para aprender desde cero sobre tecnolog\u00edas FDM, calibraci\u00f3n, uso de softwares de laminado y puesta a punto de impresoras. Adem\u00e1s de adquirir habilidades pr\u00e1cticas, los participantes podr\u00e1n conectarse con la comunidad de makers, intercambiar conocimientos y potenciar sus proyectos en el \u00e1mbito de la impresi\u00f3n 3D.<\/p>\n<p>[\/et_pb_blurb][\/et_pb_column][et_pb_column type=\u00bb1_2&#8243; _builder_version=\u00bb4.21.0&#8243; _module_preset=\u00bbdefault\u00bb global_colors_info=\u00bb{}\u00bb][et_pb_image src=\u00bbhttps:\/\/midi.ar\/wp-content\/uploads\/2024\/04\/G1A8203-scaled.jpg\u00bb title_text=\u00bb_G1A8203&#8243; force_fullwidth=\u00bbon\u00bb _builder_version=\u00bb4.21.0&#8243; _module_preset=\u00bbdefault\u00bb scroll_horizontal_motion_enable=\u00bbon\u00bb scroll_horizontal_motion=\u00bb0|70|70|100|0.3|0|0&#8243; motion_trigger_start=\u00bbtop\u00bb border_radii=\u00bbon|30px|30px|30px|30px\u00bb locked=\u00bboff\u00bb global_colors_info=\u00bb{}\u00bb][\/et_pb_image][\/et_pb_column][\/et_pb_row][\/et_pb_section][et_pb_section fb_built=\u00bb1&#8243; disabled_on=\u00bboff|off|off\u00bb _builder_version=\u00bb4.21.0&#8243; _module_preset=\u00bbdefault\u00bb custom_padding=\u00bb21px||21px||true|\u00bb locked=\u00bboff\u00bb global_colors_info=\u00bb{}\u00bb][et_pb_row column_structure=\u00bb1_3,1_3,1_3&#8243; make_equal=\u00bbon\u00bb disabled_on=\u00bboff|off|off\u00bb _builder_version=\u00bb4.21.0&#8243; _module_preset=\u00bbdefault\u00bb custom_margin_tablet=\u00bb||||false|false\u00bb custom_margin_phone=\u00bb-5px|auto||auto|false|false\u00bb custom_margin_last_edited=\u00bbon|tablet\u00bb custom_padding=\u00bb0px||0px||true|\u00bb animation_style=\u00bbfade\u00bb overflow-y_last_edited=\u00bboff|desktop\u00bb global_colors_info=\u00bb{}\u00bb][et_pb_column type=\u00bb1_3&#8243; _builder_version=\u00bb4.21.0&#8243; _module_preset=\u00bbdefault\u00bb global_colors_info=\u00bb{}\u00bb][et_pb_blurb title=\u00bb18 y 25 de Marzo\u00bb use_icon=\u00bbon\u00bb font_icon=\u00bb&#xe023;||divi||400&#8243; image_icon_width=\u00bb69px\u00bb _builder_version=\u00bb4.21.0&#8243; _module_preset=\u00bbdefault\u00bb header_font=\u00bbLOTA GROTESQUE BOLD||||||||\u00bb header_text_align=\u00bbcenter\u00bb header_font_size=\u00bb24px\u00bb background_color=\u00bb#eaebef\u00bb min_height=\u00bb147.2px\u00bb custom_margin=\u00bb||||false|false\u00bb custom_padding=\u00bb21px||21px||true|\u00bb animation=\u00bbbottom\u00bb border_radii=\u00bbon|30px|30px|30px|30px\u00bb global_colors_info=\u00bb{}\u00bb][\/et_pb_blurb][\/et_pb_column][et_pb_column type=\u00bb1_3&#8243; _builder_version=\u00bb4.21.0&#8243; _module_preset=\u00bbdefault\u00bb global_colors_info=\u00bb{}\u00bb][et_pb_blurb title=\u00bb15 a 17 Hs\u00bb use_icon=\u00bbon\u00bb font_icon=\u00bb&#xf017;||fa||400&#8243; image_icon_width=\u00bb69px\u00bb _builder_version=\u00bb4.21.0&#8243; _module_preset=\u00bbdefault\u00bb header_font=\u00bbLOTA GROTESQUE BOLD||||||||\u00bb header_text_align=\u00bbcenter\u00bb header_font_size=\u00bb24px\u00bb background_color=\u00bb#eaebef\u00bb min_height=\u00bb147.2px\u00bb custom_margin=\u00bb||||false|false\u00bb custom_padding=\u00bb21px||21px||true|\u00bb animation=\u00bbbottom\u00bb border_radii=\u00bbon|30px|30px|30px|30px\u00bb global_colors_info=\u00bb{}\u00bb][\/et_pb_blurb][\/et_pb_column][et_pb_column type=\u00bb1_3&#8243; _builder_version=\u00bb4.21.0&#8243; _module_preset=\u00bbdefault\u00bb global_colors_info=\u00bb{}\u00bb][et_pb_blurb title=\u00bbModalidad Presencial\u00bb use_icon=\u00bbon\u00bb font_icon=\u00bb&#xe08a;||divi||400&#8243; image_icon_width=\u00bb69px\u00bb _builder_version=\u00bb4.21.0&#8243; _module_preset=\u00bbdefault\u00bb header_font=\u00bbLOTA GROTESQUE BOLD||||||||\u00bb header_text_align=\u00bbcenter\u00bb header_font_size=\u00bb24px\u00bb background_color=\u00bb#eaebef\u00bb min_height=\u00bb147.2px\u00bb custom_margin=\u00bb||||false|false\u00bb custom_padding=\u00bb21px||21px||true|\u00bb animation=\u00bbbottom\u00bb border_radii=\u00bbon|30px|30px|30px|30px\u00bb global_colors_info=\u00bb{}\u00bb][\/et_pb_blurb][\/et_pb_column][\/et_pb_row][\/et_pb_section][et_pb_section fb_built=\u00bb1&#8243; admin_label=\u00bbobjetivo del curso\u00bb _builder_version=\u00bb4.21.0&#8243; _module_preset=\u00bbdefault\u00bb custom_padding=\u00bb2px||17px||false|\u00bb locked=\u00bboff\u00bb global_colors_info=\u00bb{}\u00bb][et_pb_row _builder_version=\u00bb4.21.0&#8243; _module_preset=\u00bbdefault\u00bb custom_margin=\u00bb-11px|auto|-7px|auto||\u00bb custom_padding=\u00bb24px||24px||true|\u00bb global_colors_info=\u00bb{}\u00bb][et_pb_column type=\u00bb4_4&#8243; _builder_version=\u00bb4.21.0&#8243; _module_preset=\u00bbdefault\u00bb global_colors_info=\u00bb{}\u00bb][et_pb_cta title=\u00bbObjetivo del curso\u00bb button_text=\u00bbClics\u00bb _builder_version=\u00bb4.21.0&#8243; _module_preset=\u00bbdefault\u00bb header_font=\u00bbLOTA GROTESQUE BOLD||||||||\u00bb header_font_size=\u00bb37px\u00bb body_font=\u00bbLOTA GROTESQUE REGULAR||||||||\u00bb body_font_size=\u00bb18px\u00bb body_line_height=\u00bb1.4em\u00bb custom_padding=\u00bb31px||8px||false|\u00bb header_font_size_tablet=\u00bb37px\u00bb header_font_size_phone=\u00bb26px\u00bb header_font_size_last_edited=\u00bbon|desktop\u00bb body_font_size_tablet=\u00bb16px\u00bb body_font_size_phone=\u00bb14px\u00bb body_font_size_last_edited=\u00bbon|desktop\u00bb border_radii=\u00bbon|30px|30px|30px|30px\u00bb global_colors_info=\u00bb{}\u00bb]<\/p>\n<p><span style=\"font-weight: 400;\">El objetivo principal es reunir a personas interesadas en esta tecnolog\u00eda para fomentar la colaboraci\u00f3n y el networking entre los diferentes actores de la provincia de Misiones. los miembros pueden compartir sus experiencias y conocimientos sobre la impresi\u00f3n 3D, as\u00ed como aprender de otros miembros<\/span><\/p>\n<p>[\/et_pb_cta][\/et_pb_column][\/et_pb_row][\/et_pb_section][et_pb_section fb_built=\u00bb1&#8243; admin_label=\u00bbvideo presentacion\u00bb _builder_version=\u00bb4.21.0&#8243; _module_preset=\u00bbdefault\u00bb locked=\u00bboff\u00bb global_colors_info=\u00bb{}\u00bb][et_pb_row _builder_version=\u00bb4.21.0&#8243; _module_preset=\u00bbdefault\u00bb custom_padding=\u00bb0px||0px||true|\u00bb global_colors_info=\u00bb{}\u00bb][et_pb_column type=\u00bb4_4&#8243; _builder_version=\u00bb4.21.0&#8243; _module_preset=\u00bbdefault\u00bb global_colors_info=\u00bb{}\u00bb][et_pb_gallery gallery_ids=\u00bb1167,1164,1165,1166&#8243; fullwidth=\u00bbon\u00bb _builder_version=\u00bb4.21.0&#8243; _module_preset=\u00bbdefault\u00bb border_radii=\u00bbon|30px|30px|30px|30px\u00bb global_colors_info=\u00bb{}\u00bb][\/et_pb_gallery][\/et_pb_column][\/et_pb_row][\/et_pb_section][et_pb_section fb_built=\u00bb1&#8243; admin_label=\u00bbtemario\u00bb _builder_version=\u00bb4.21.0&#8243; _module_preset=\u00bbdefault\u00bb custom_padding=\u00bb31px||31px||true|\u00bb locked=\u00bboff\u00bb global_colors_info=\u00bb{}\u00bb][et_pb_row _builder_version=\u00bb4.23.2&#8243; _module_preset=\u00bbdefault\u00bb custom_padding=\u00bb3px||3px||true|\u00bb global_colors_info=\u00bb{}\u00bb][et_pb_column type=\u00bb4_4&#8243; _builder_version=\u00bb4.23.2&#8243; _module_preset=\u00bbdefault\u00bb global_colors_info=\u00bb{}\u00bb][et_pb_text _builder_version=\u00bb4.21.0&#8243; _module_preset=\u00bbdefault\u00bb text_font=\u00bbLOTA GROTESQUE BOLD||||||||\u00bb text_text_color=\u00bb#3F4376&#8243; text_font_size=\u00bb37px\u00bb text_orientation=\u00bbcenter\u00bb custom_margin=\u00bb||9px|||\u00bb custom_padding=\u00bb||0px|||\u00bb text_font_size_tablet=\u00bb37px\u00bb text_font_size_phone=\u00bb26px\u00bb text_font_size_last_edited=\u00bbon|phone\u00bb global_colors_info=\u00bb{}\u00bb]<\/p>\n<p style=\"text-align: left;\">\u00bfQu\u00e9 vas a aprender?<\/p>\n<p>[\/et_pb_text][et_pb_accordion open_toggle_text_color=\u00bb#585FA6&#8243; open_toggle_background_color=\u00bbRGBA(255,255,255,0)\u00bb closed_toggle_background_color=\u00bbRGBA(255,255,255,0)\u00bb toggle_icon=\u00bb&#xf063;||fa||900&#8243; icon_color=\u00bbgcid-c9ec881e-ca46-4387-bf7a-f2b34d8141ee\u00bb use_icon_font_size=\u00bbon\u00bb _builder_version=\u00bb4.21.0&#8243; _module_preset=\u00bbdefault\u00bb toggle_text_color=\u00bb#2B2C50&#8243; toggle_font=\u00bbSpace Grotesk|500|||||||\u00bb toggle_font_size=\u00bb36px\u00bb toggle_line_height=\u00bb1.4em\u00bb body_font_size=\u00bb15px\u00bb body_line_height=\u00bb1.8em\u00bb custom_margin=\u00bb-5px|||||\u00bb toggle_font_size_tablet=\u00bb20px\u00bb toggle_font_size_phone=\u00bb16px\u00bb toggle_font_size_last_edited=\u00bbon|desktop\u00bb body_font_size_tablet=\u00bb15px\u00bb body_font_size_phone=\u00bb14px\u00bb body_font_size_last_edited=\u00bbon|desktop\u00bb border_width_all=\u00bb0px\u00bb border_color_all=\u00bb#F7B033&#8243; border_width_bottom=\u00bb2px\u00bb locked=\u00bboff\u00bb global_colors_info=\u00bb{%22gcid-c9ec881e-ca46-4387-bf7a-f2b34d8141ee%22:%91%22icon_color%22%93}\u00bb][et_pb_accordion_item title=\u00bbClase 1: impresi\u00f3n 3D usos y aplicaciones para emprender\u00bb open=\u00bbon\u00bb open_toggle_text_color=\u00bb#585FA6&#8243; closed_toggle_text_color=\u00bb#3F4376&#8243; icon_color=\u00bb#258651&#8243; _builder_version=\u00bb4.21.0&#8243; _module_preset=\u00bbdefault\u00bb body_text_color=\u00bb#2B2C50&#8243; body_font_size=\u00bb18px\u00bb custom_padding=\u00bb|0px||0px|false|true\u00bb body_font_size_tablet=\u00bb16px\u00bb body_font_size_phone=\u00bb14px\u00bb body_font_size_last_edited=\u00bbon|phone\u00bb border_color_all=\u00bb#258651&#8243; global_colors_info=\u00bb{}\u00bb toggle_text_color=\u00bb#3F4376&#8243; toggle_font=\u00bbLOTA GROTESQUE SEMI BOLD|500|||||||\u00bb toggle_text_align=\u00bbleft\u00bb toggle_font_size=\u00bb25px\u00bb toggle_font_size_tablet=\u00bb20px\u00bb toggle_font_size_phone=\u00bb20px\u00bb toggle_font_size_last_edited=\u00bbon|desktop\u00bb]<\/p>\n<ul>\n<li>\n<p><span style=\"font-weight: 400;\">Entender el funcionamiento del equipo (contenido con proyector)<\/span><\/p>\n<\/li>\n<li>\n<p><span style=\"font-weight: 400;\"><\/span><span style=\"font-weight: 400;\">Partes de un equipo de impresi\u00f3n 3D (correas, bloque hot end, motores paso a paso, finales de carrera, etc.)<\/span><\/p>\n<\/li>\n<li>\n<p><span style=\"font-weight: 400;\"><\/span><span style=\"font-weight: 400;\">Explicaci\u00f3n del\u00a0 proceso del dise\u00f1o e impresi\u00f3n en 3D<\/span><\/p>\n<\/li>\n<li>\n<p><span style=\"font-weight: 400;\"><\/span><span style=\"font-weight: 400;\">Tipos de materiales para impresi\u00f3n <\/span><\/p>\n<\/li>\n<\/ul>\n<p>[\/et_pb_accordion_item][et_pb_accordion_item title=\u00bbClase 2: impresi\u00f3n 3D tradicional\u00bb open=\u00bboff\u00bb open_toggle_text_color=\u00bb#585FA6&#8243; closed_toggle_text_color=\u00bb#3F4376&#8243; icon_color=\u00bb#258651&#8243; _builder_version=\u00bb4.21.0&#8243; _module_preset=\u00bbdefault\u00bb body_text_color=\u00bb#2B2C50&#8243; body_font_size=\u00bb18px\u00bb custom_padding=\u00bb|0px||0px|false|true\u00bb body_font_size_tablet=\u00bb16px\u00bb body_font_size_phone=\u00bb14px\u00bb body_font_size_last_edited=\u00bbon|phone\u00bb border_color_all=\u00bb#258651&#8243; global_colors_info=\u00bb{}\u00bb toggle_text_color=\u00bb#3F4376&#8243; toggle_font=\u00bbLOTA GROTESQUE SEMI BOLD|500|||||||\u00bb toggle_text_align=\u00bbleft\u00bb toggle_font_size=\u00bb25px\u00bb toggle_font_size_tablet=\u00bb20px\u00bb toggle_font_size_phone=\u00bb20px\u00bb toggle_font_size_last_edited=\u00bbon|desktop\u00bb]<\/p>\n<ul>\n<li><span style=\"font-weight: 400;\">Software para el modelado 3D breve descripci\u00f3n\u00a0\u00a0<\/span><\/li>\n<li><span style=\"font-weight: 400;\">Tinkercad explicaci\u00f3n de como se genera un modelo 3D<\/span><\/li>\n<li><span style=\"font-weight: 400;\">Software para seteo cura slicer<\/span><\/li>\n<li><span style=\"font-weight: 400;\">Software para seteo prusa slice<\/span><\/li>\n<li><span style=\"font-weight: 400;\">\u00a0Configurar un perfil de impresi\u00f3n 3D en modo baja calidad y alta calidad<\/span><\/li>\n<li>Calibrar y preparar el equipo para la impresi\u00f3n<\/li>\n<li>Realizar el mantenimiento de la impresora<\/li>\n<li>Detectar errores y problemas<\/li>\n<\/ul>\n<p>[\/et_pb_accordion_item][\/et_pb_accordion][\/et_pb_column][\/et_pb_row][\/et_pb_section][et_pb_section fb_built=\u00bb1&#8243; admin_label=\u00bba quien va dirigido\u00bb _builder_version=\u00bb4.21.0&#8243; _module_preset=\u00bbdefault\u00bb custom_padding=\u00bb15px||15px||true|\u00bb locked=\u00bboff\u00bb global_colors_info=\u00bb{}\u00bb][et_pb_row _builder_version=\u00bb4.21.0&#8243; _module_preset=\u00bbdefault\u00bb background_color=\u00bbRGBA(255,255,255,0)\u00bb custom_padding=\u00bb0px||0px||true|\u00bb global_colors_info=\u00bb{}\u00bb][et_pb_column type=\u00bb4_4&#8243; _builder_version=\u00bb4.21.0&#8243; _module_preset=\u00bbdefault\u00bb global_colors_info=\u00bb{}\u00bb][et_pb_cta title=\u00bb\u00bfA qui\u00e9n va dirigido?\u00bb _builder_version=\u00bb4.21.0&#8243; _module_preset=\u00bbdefault\u00bb header_font=\u00bbLOTA GROTESQUE BOLD||||||||\u00bb header_text_align=\u00bbleft\u00bb header_text_color=\u00bb#3F4376&#8243; header_font_size=\u00bb37px\u00bb body_font=\u00bbLOTA GROTESQUE REGULAR||||||||\u00bb body_text_color=\u00bb#2B2C50&#8243; body_font_size=\u00bb18px\u00bb body_line_height=\u00bb1.4em\u00bb background_color=\u00bb#eaebef\u00bb custom_padding=\u00bb43px|36px|0px|36px||true\u00bb header_font_size_tablet=\u00bb37px\u00bb header_font_size_phone=\u00bb26px\u00bb header_font_size_last_edited=\u00bbon|phone\u00bb body_font_size_tablet=\u00bb16px\u00bb body_font_size_phone=\u00bb14px\u00bb body_font_size_last_edited=\u00bbon|desktop\u00bb border_radii=\u00bbon|30px|30px|30px|30px\u00bb global_colors_info=\u00bb{}\u00bb]<\/p>\n<ul>\n<li style=\"text-align: left;\"><span style=\"font-weight: 400;\">Interesados en la impresi\u00f3n 3D.<\/span><\/li>\n<li style=\"text-align: left;\"><span style=\"font-weight: 400;\">Quienes tengan una impresora 3D o aquellos considerando adquirir una.<\/span><\/li>\n<li style=\"text-align: left;\"><span style=\"font-weight: 400;\">Sin experiencia previa, ya que se cubren conceptos b\u00e1sicos de <\/span><span style=\"font-weight: 400;\">mantenimiento y ensamblaje.<\/span><\/li>\n<\/ul>\n<p>[\/et_pb_cta][\/et_pb_column][\/et_pb_row][\/et_pb_section][et_pb_section fb_built=\u00bb1&#8243; disabled_on=\u00bbon|on|on\u00bb admin_label=\u00bbbio disertante\u00bb _builder_version=\u00bb4.21.0&#8243; _module_preset=\u00bbdefault\u00bb custom_padding=\u00bb31px|||||\u00bb disabled=\u00bbon\u00bb locked=\u00bboff\u00bb global_colors_info=\u00bb{}\u00bb][et_pb_row column_structure=\u00bb1_2,1_2&#8243; _builder_version=\u00bb4.21.0&#8243; _module_preset=\u00bbdefault\u00bb custom_padding=\u00bb0px||0px||true|\u00bb global_colors_info=\u00bb{}\u00bb][et_pb_column type=\u00bb1_2&#8243; _builder_version=\u00bb4.21.0&#8243; _module_preset=\u00bbdefault\u00bb global_colors_info=\u00bb{}\u00bb][et_pb_cta title=\u00bbUlises Davids\u00bb button_text=\u00bbClics\u00bb _builder_version=\u00bb4.21.0&#8243; _module_preset=\u00bbdefault\u00bb header_font=\u00bbLOTA GROTESQUE BOLD||||||||\u00bb header_text_align=\u00bbleft\u00bb header_font_size=\u00bb37px\u00bb body_font=\u00bbLOTA GROTESQUE REGULAR||||||||\u00bb body_text_align=\u00bbleft\u00bb body_font_size=\u00bb18px\u00bb body_line_height=\u00bb1.4em\u00bb background_color=\u00bb#585FA6&#8243; custom_padding=\u00bb31px||1px||false|\u00bb header_font_size_tablet=\u00bb37px\u00bb header_font_size_phone=\u00bb26px\u00bb header_font_size_last_edited=\u00bbon|phone\u00bb body_font_size_tablet=\u00bb16px\u00bb body_font_size_phone=\u00bb14px\u00bb body_font_size_last_edited=\u00bbon|desktop\u00bb border_radii=\u00bbon|30px|30px|30px|30px\u00bb global_colors_info=\u00bb{}\u00bb]<\/p>\n<p>Disertante<\/p>\n<p><span style=\"font-weight: 400;\">Experto en impresi\u00f3n 3D con m\u00e1s de 7 a\u00f1os de trayectoria profesional. Como Analista de Sistemas y CEO de Mijo3D, brinda soluciones integrales en este campo, que abarcan desde la impresi\u00f3n 3D hasta la venta de equipos, insumos y capacitaciones. Su visi\u00f3n innovadora y su pasi\u00f3n por la tecnolog\u00eda lo llevan a estar siempre al d\u00eda con las \u00faltimas tendencias en el mundo de la impresi\u00f3n 3D. Mijo3D es una empresa en pleno desarrollo que ofrece calidad y confianza a sus clientes.<\/span><\/p>\n<p>[\/et_pb_cta][\/et_pb_column][et_pb_column type=\u00bb1_2&#8243; _builder_version=\u00bb4.21.0&#8243; _module_preset=\u00bbdefault\u00bb global_colors_info=\u00bb{}\u00bb][et_pb_image src=\u00bbhttps:\/\/midi.ar\/wp-content\/uploads\/2025\/03\/Tomas-Morales.png\u00bb title_text=\u00bbTomas Morales\u00bb align=\u00bbcenter\u00bb align_tablet=\u00bb\u00bb align_phone=\u00bb\u00bb align_last_edited=\u00bbon|desktop\u00bb _builder_version=\u00bb4.21.0&#8243; _module_preset=\u00bbdefault\u00bb width=\u00bb73%\u00bb global_colors_info=\u00bb{}\u00bb][\/et_pb_image][\/et_pb_column][\/et_pb_row][\/et_pb_section][et_pb_section fb_built=\u00bb1&#8243; admin_label=\u00bbFooter Copyright\u00bb _builder_version=\u00bb4.21.0&#8243; _module_preset=\u00bbdefault\u00bb background_color=\u00bb#ffffff\u00bb custom_padding=\u00bb31px||31px||true|false\u00bb hover_enabled=\u00bb0&#8243; saved_tabs=\u00bball\u00bb locked=\u00bboff\u00bb collapsed=\u00bbon\u00bb global_colors_info=\u00bb{}\u00bb sticky_enabled=\u00bb0&#8243;][et_pb_row _builder_version=\u00bb4.22.0&#8243; _module_preset=\u00bbdefault\u00bb custom_padding=\u00bb27px||27px||true|\u00bb global_colors_info=\u00bb{}\u00bb][et_pb_column type=\u00bb4_4&#8243; _builder_version=\u00bb4.22.0&#8243; _module_preset=\u00bbdefault\u00bb global_colors_info=\u00bb{}\u00bb][et_pb_button url_new_window=\u00bbon\u00bb button_text=\u00bbInscripciones Cerradas\u00bb button_alignment=\u00bbcenter\u00bb button_alignment_tablet=\u00bbleft\u00bb button_alignment_phone=\u00bbcenter\u00bb button_alignment_last_edited=\u00bbon|phone\u00bb _builder_version=\u00bb4.21.0&#8243; _module_preset=\u00bbdefault\u00bb custom_button=\u00bbon\u00bb button_text_size=\u00bb24px\u00bb button_text_color=\u00bb#ffffff\u00bb button_bg_color=\u00bb#ED7A00&#8243; button_border_width=\u00bb7px\u00bb button_border_color=\u00bb#ED7A00&#8243; button_border_radius=\u00bb100px\u00bb button_font=\u00bbLOTA GROTESQUE REGULAR||||||||\u00bb button_use_icon=\u00bboff\u00bb button_rel=\u00bboff|off|off|off|off\u00bb background_layout=\u00bbdark\u00bb custom_margin=\u00bb0px||||false|false\u00bb custom_margin_tablet=\u00bb-36px||19px||false|false\u00bb custom_margin_phone=\u00bb-36px||||false|false\u00bb custom_margin_last_edited=\u00bbon|phone\u00bb animation_style=\u00bbbounce\u00bb button_text_size_tablet=\u00bb16px\u00bb button_text_size_phone=\u00bb13px\u00bb button_text_size_last_edited=\u00bbon|tablet\u00bb locked=\u00bboff\u00bb global_colors_info=\u00bb{}\u00bb custom_margin__hover_enabled=\u00bboff|hover\u00bb][\/et_pb_button][\/et_pb_column][\/et_pb_row][\/et_pb_section]<\/p>\n","protected":false},"excerpt":{"rendered":"<p>Curso Aprende y Emprende con Impresi\u00f3n 3DEl curso de impresi\u00f3n 3D de Misiones Dise\u00f1a es una oportunidad para aprender desde cero sobre tecnolog\u00edas FDM, calibraci\u00f3n, uso de softwares de laminado y puesta a punto de impresoras. Adem\u00e1s de adquirir habilidades pr\u00e1cticas, los participantes podr\u00e1n conectarse con la comunidad de makers, intercambiar conocimientos y potenciar sus [&hellip;]<\/p>\n","protected":false},"author":2,"featured_media":0,"parent":0,"menu_order":0,"comment_status":"closed","ping_status":"closed","template":"","meta":{"_et_pb_use_builder":"on","_et_pb_old_content":"","_et_gb_content_width":"","footnotes":""},"class_list":["post-2353","page","type-page","status-publish","hentry"],"_links":{"self":[{"href":"https:\/\/midi.ar\/index.php\/wp-json\/wp\/v2\/pages\/2353","targetHints":{"allow":["GET"]}}],"collection":[{"href":"https:\/\/midi.ar\/index.php\/wp-json\/wp\/v2\/pages"}],"about":[{"href":"https:\/\/midi.ar\/index.php\/wp-json\/wp\/v2\/types\/page"}],"author":[{"embeddable":true,"href":"https:\/\/midi.ar\/index.php\/wp-json\/wp\/v2\/users\/2"}],"replies":[{"embeddable":true,"href":"https:\/\/midi.ar\/index.php\/wp-json\/wp\/v2\/comments?post=2353"}],"version-history":[{"count":7,"href":"https:\/\/midi.ar\/index.php\/wp-json\/wp\/v2\/pages\/2353\/revisions"}],"predecessor-version":[{"id":2371,"href":"https:\/\/midi.ar\/index.php\/wp-json\/wp\/v2\/pages\/2353\/revisions\/2371"}],"wp:attachment":[{"href":"https:\/\/midi.ar\/index.php\/wp-json\/wp\/v2\/media?parent=2353"}],"curies":[{"name":"wp","href":"https:\/\/api.w.org\/{rel}","templated":true}]}}